{"id":159,"date":"2018-03-13T11:09:26","date_gmt":"2018-03-13T11:09:26","guid":{"rendered":"http:\/\/bridge178.qodeinteractive.com\/?page_id=159"},"modified":"2024-05-19T14:17:22","modified_gmt":"2024-05-19T14:17:22","slug":"hakkimiza","status":"publish","type":"page","link":"https:\/\/leprestigeperfume.com\/en\/hakkimiza\/","title":{"rendered":"About us"},"content":{"rendered":"<p><span style=\"vertical-align: inherit;\"><span style=\"vertical-align: inherit;\">[vc_row css_animation = &#8220;&#8221; row_type = &#8220;sat\u0131r&#8221; use_row_as_full_screen_section = &#8220;hay\u0131r&#8221; type = &#8220;full_width&#8221; angled_section = &#8220;hay\u0131r&#8221; text_align = &#8220;left&#8221; arka plan_image_as_pattern = &#8220;without_pattern&#8221;] ][\/vc_row][vc_row css_animation = &#8220;&#8221; row_type = &#8220;sat\u0131r&#8221; use_row_as_full_screen_section = &#8220;hay\u0131r&#8221; type = &#8220;full_width&#8221; angled_section = &#8220;hay\u0131r&#8221; text_align = &#8220;left&#8221; arka plan_image_as_pattern = &#8220;without_pattern&#8221; z_index = &#8220;&#8221; [vc_column] vc_row_inner row_type = &#8220;row&#8221; type = &#8220;grid&#8221; text_align = &#8220;left&#8221; css_animation = &#8220;&#8221; css = &#8220;.vc_custom_1521039695248{padding-top: 150px !important;padding-bottom: 150px !important;}&#8221;][vc_column_inner][qode_elements_holder Number_of_columns = &#8220;Two_columns&#8221;] [qode_elements_holder_item item_padding = &#8220;0 0 0 0&#8221; vertical_alignment = &#8220;orta&#8221; adl\u0131_animasyonlar = &#8220;]] [vc_single_image image =&#8221; 534 &#8220;img_size =&#8221; full &#8220;qode_cs_animation =&#8221; _Holder_item item_padding = &#8220;0 0px 0 80px&#8221; dikey_alignment = &#8220;middle&#8221; geli\u015fmi\u015f_animations = &#8220;hay\u0131r&#8221; item_padding_600_768 = &#8220;80px 0px 0 0px&#8221; item_padding_480_600 = &#8220;80px 0px 0 0px&#8221; item_padding_480 = &#8220;80px 0px 0 0px&#8221;][vc_column_text css = &#8220;.vc_custom_159 2462251043 {margin-top: -10px !important;}&#8221;]<\/span><\/span><\/p>\n<h1>Le Prestige ;<\/h1>\n<p>[\/vc_column_text][vc_empty_space height=&#8221;21px&#8221;][vc_column_text]The company Le Prestige Cosmetics produced their most beautiful and impressive fragrance by starting its activities in 2018 in \u0130stanbul-Turkey and introduced their luxury french perfume under the \u00a0brand Le Prestige. It succeeds to impress those who uses their perfumes which are more beautiful and impressive than each other and raises the quality.<\/p>\n<p>Le Prestige Cosmetics works diligently and faithfully his business plan and strategy for maximizing the customer satisfaction, offering \u00a0unique and elegant solutions, and to meet all requests.<\/p>\n<p><span style=\"vertical-align: inherit;\"><span style=\"vertical-align: inherit;\">Le Prestige Cosmetics, aromatik ev ve koku tasarlayan en b\u00fcy\u00fck parf\u00fcm \u015fi\u015feleri ile i\u015fbirli\u011fi i\u00e7inde, siz de\u011ferli m\u00fc\u015fterileri i\u00e7in parf\u00fcm d\u00fcnyas\u0131ndaki t\u00fcm yeni ve \u00e7ekici trendleri takip etmek ve geli\u015ftirmek i\u00e7in \u00e7al\u0131\u015fanlar\u0131n\u0131n deneyimi, profesyonelli\u011fi ile s\u00fcrekli \u00e7al\u0131\u015fmaktad\u0131r.[\/vc_column_text [vc_empty_space height = &#8220;26px&#8221;] [\/qode_elements_holder_item][\/qode_elements_holder] [vc_column_inner width = &#8220;1\/6&#8243;] =&#8221;1\/6&#8221;][vc_single_image image = &#8220;603&#8221; img_size = &#8220;200&#215;308&#8221; hizalama = &#8220;merkez&#8221; style = &#8220;vc_box_shadow_3d&#8221; onclick = &#8220;link_image&#8221; qode_css_animation = &#8220;element_from_left&#8221;] [\/vc_column_inner] [vc_column_inner width = &#8220;1 \/6&#8221;][vc_single_image image = &#8220;606&#8221; img_size = &#8220;200&#215;308&#8221; hizalama = &#8220;merkez&#8221; style = &#8220;vc_box_shadow_3d&#8221; onclick = &#8220;link_image&#8221; qode_css_animation = &#8220;element_from_left&#8221;] [\/vc_column_inner] [vc_column_inner width = &#8220;1\/6&#8221; ][vc_single_image image = &#8220;605&#8221; img_size = &#8220;200&#215;308&#8221; hizalama = &#8220;merkez&#8221; style = &#8220;vc_box_shadow_3d&#8221; onclick = &#8220;link_image&#8221; qode_css_animation = &#8220;element_from_left&#8221;] image = &#8220;607&#8221; img_size = &#8220;200&#215;308&#8221; hizalama = &#8220;merkez&#8221; style = &#8220;vc_box_shadow_3d&#8221; onclick = &#8220;link_image&#8221; qode_css_animation = &#8220;element_from_left&#8221;] 604&#8243; img_size = &#8220;200&#215;308&#8221; hizalama = &#8220;merkez&#8221; style = &#8220;vc_box_shadow_3d&#8221; onclick = &#8220;link_image&#8221; qode_css_animation = &#8220;element_from_left&#8221;] [\/vc_column_inner] =&#8221;&#8221; row_type = &#8220;sat\u0131r&#8221; use_row_as_full_screen_section = &#8220;hay\u0131r&#8221; type = &#8220;full_width&#8221; angled_section = &#8220;hay\u0131r&#8221; text_align = &#8220;left&#8221; arka plan_image_as_pattern = &#8220;without_pattern&#8221;] vc_row]<\/span><\/span><\/p>","protected":false},"excerpt":{"rendered":"<p>[vc_row css_animation = &#8220;&#8221; row_type = &#8220;sat\u0131r&#8221; use_row_as_full_screen_section = &#8220;hay\u0131r&#8221; type = &#8220;full_width&#8221; angled_section = &#8220;hay\u0131r&#8221; text_align = &#8220;left&#8221; arka plan_image_as_pattern = &#8220;without_pattern&#8221;] ][\/vc_row][vc_row css_animation = &#8220;&#8221; row_type = &#8220;sat\u0131r&#8221; use_row_as_full_screen_section = &#8220;hay\u0131r&#8221; type = &#8220;full_width&#8221; angled_section = &#8220;hay\u0131r&#8221; text_align = &#8220;left&#8221; arka plan_image_as_pattern =&#8230;<\/p>\n","protected":false},"author":1,"featured_media":0,"parent":0,"menu_order":0,"comment_status":"closed","ping_status":"closed","template":"full_width.php","meta":[],"_links":{"self":[{"href":"https:\/\/leprestigeperfume.com\/en\/wp-json\/wp\/v2\/pages\/159"}],"collection":[{"href":"https:\/\/leprestigeperfume.com\/en\/wp-json\/wp\/v2\/pages"}],"about":[{"href":"https:\/\/leprestigeperfume.com\/en\/wp-json\/wp\/v2\/types\/page"}],"author":[{"embeddable":true,"href":"https:\/\/leprestigeperfume.com\/en\/wp-json\/wp\/v2\/users\/1"}],"replies":[{"embeddable":true,"href":"https:\/\/leprestigeperfume.com\/en\/wp-json\/wp\/v2\/comments?post=159"}],"version-history":[{"count":19,"href":"https:\/\/leprestigeperfume.com\/en\/wp-json\/wp\/v2\/pages\/159\/revisions"}],"predecessor-version":[{"id":492,"href":"https:\/\/leprestigeperfume.com\/en\/wp-json\/wp\/v2\/pages\/159\/revisions\/492"}],"wp:attachment":[{"href":"https:\/\/leprestigeperfume.com\/en\/wp-json\/wp\/v2\/media?parent=159"}],"curies":[{"name":"wp","href":"https:\/\/api.w.org\/{rel}","templated":true}]}}