{"id":159,"date":"2018-03-13T11:09:26","date_gmt":"2018-03-13T11:09:26","guid":{"rendered":"http:\/\/bridge178.qodeinteractive.com\/?page_id=159"},"modified":"2024-05-19T14:17:22","modified_gmt":"2024-05-19T14:17:22","slug":"hakkimiza","status":"publish","type":"page","link":"https:\/\/leprestigeperfume.com\/tr\/hakkimiza\/","title":{"rendered":"Hakk\u0131m\u0131zda"},"content":{"rendered":"<p>[vc_row css_animation=&#8221;&#8221; row_type=&#8221;row&#8221; use_row_as_full_screen_section=&#8221;no&#8221; type=&#8221;full_width&#8221; angled_section=&#8221;no&#8221; text_align=&#8221;left&#8221; background_image_as_pattern=&#8221;without_pattern&#8221;][vc_column][vc_column_text][\/vc_column_text][\/vc_column][\/vc_row][vc_row css_animation=&#8221;&#8221; row_type=&#8221;row&#8221; use_row_as_full_screen_section=&#8221;no&#8221; type=&#8221;full_width&#8221; angled_section=&#8221;no&#8221; text_align=&#8221;left&#8221; background_image_as_pattern=&#8221;without_pattern&#8221; z_index=&#8221;&#8221;][vc_column][vc_row_inner row_type=&#8221;row&#8221; type=&#8221;grid&#8221; text_align=&#8221;left&#8221; css_animation=&#8221;&#8221; css=&#8221;.vc_custom_1521039695248{padding-top: 150px !important;padding-bottom: 150px !important;}&#8221;][vc_column_inner][qode_elements_holder number_of_columns=&#8221;two_columns&#8221;][qode_elements_holder_item item_padding=&#8221;0 0 0 0&#8243; vertical_alignment=&#8221;middle&#8221; advanced_animations=&#8221;no&#8221;][vc_single_image image=&#8221;534&#8243; img_size=&#8221;full&#8221; qode_css_animation=&#8221;&#8221;][\/qode_elements_holder_item][qode_elements_holder_item item_padding=&#8221;0 0px 0 80px&#8221; vertical_alignment=&#8221;middle&#8221; advanced_animations=&#8221;no&#8221; item_padding_600_768=&#8221;80px 0px 0 0px&#8221; item_padding_480_600=&#8221;80px 0px 0 0px&#8221; item_padding_480=&#8221;80px 0px 0 0px&#8221;][vc_column_text css=&#8221;.vc_custom_1592462251043{margin-top: -10px !important;}&#8221;]<\/p>\n<h1>Le Prestige ;<\/h1>\n<p>[\/vc_column_text][vc_empty_space height=&#8221;21px&#8221;][vc_column_text]Le Prestige Kozmetik \u015firketi, en g\u00fczel ve etkileyici kokular\u0131n\u0131 2018 y\u0131l\u0131nda T\u00fcrkiye &#8211; \u0130stanbul&#8217;da faaliyete ge\u00e7erek l\u00fcks Frans\u0131z parf\u00fcmlerini Le Prestige markas\u0131 olarak tan\u0131tm\u0131\u015ft\u0131r. Birbirinden g\u00fczel\u00a0 etkileyici parf\u00fcmleriyle kullananlar\u0131 etkisi alt\u0131na almay\u0131 ba\u015farm\u0131\u015f ve kalitesini y\u00fckseltmi\u015ftir.<\/p>\n<p>Le Prestige Kozmetik, i\u015f plan\u0131n\u0131 ve stratejisini, de\u011ferli m\u00fc\u015fterilerinin memnuniyetini kazanmak ve t\u00fcm benzersiz ve zarif \u00e7\u00f6z\u00fcmler sunmak ve t\u00fcm zevk ve isteklerini kar\u015f\u0131lamak i\u00e7in \u00f6zenle ve sadakatle \u00e7al\u0131\u015fmaktad\u0131r.<\/p>\n<p>Le Prestige Kozmetik, \u00e7al\u0131\u015fanlar\u0131n\u0131n deneyimlerine, profesyonelliklerine, aromatik ev ve koku tasarlayan en b\u00fcy\u00fck parf\u00fcm \u015fi\u015feleri ile i\u015fbirli\u011fi i\u00e7inde, de\u011ferli m\u00fc\u015fterileri i\u00e7in parf\u00fcm d\u00fcnyas\u0131nda t\u00fcm yeni ve \u00e7ekici trendleri takip etmek ve geli\u015ftirmek i\u00e7in s\u00fcrekli olarak \u00e7al\u0131\u015fmaktad\u0131r.[\/vc_column_text][vc_empty_space height=&#8221;26px&#8221;][\/qode_elements_holder_item][\/qode_elements_holder][\/vc_column_inner][\/vc_row_inner][vc_empty_space][vc_row_inner row_type=&#8221;row&#8221; type=&#8221;full_width&#8221; text_align=&#8221;left&#8221; css_animation=&#8221;&#8221;][vc_column_inner width=&#8221;1\/6&#8243;][vc_single_image image=&#8221;602&#8243; img_size=&#8221;200&#215;308&#8243; alignment=&#8221;center&#8221; style=&#8221;vc_box_shadow_3d&#8221; onclick=&#8221;link_image&#8221; qode_css_animation=&#8221;element_from_left&#8221;][\/vc_column_inner][vc_column_inner width=&#8221;1\/6&#8243;][vc_single_image image=&#8221;603&#8243; img_size=&#8221;200&#215;308&#8243; alignment=&#8221;center&#8221; style=&#8221;vc_box_shadow_3d&#8221; onclick=&#8221;link_image&#8221; qode_css_animation=&#8221;element_from_left&#8221;][\/vc_column_inner][vc_column_inner width=&#8221;1\/6&#8243;][vc_single_image image=&#8221;606&#8243; img_size=&#8221;200&#215;308&#8243; alignment=&#8221;center&#8221; style=&#8221;vc_box_shadow_3d&#8221; onclick=&#8221;link_image&#8221; qode_css_animation=&#8221;element_from_left&#8221;][\/vc_column_inner][vc_column_inner width=&#8221;1\/6&#8243;][vc_single_image image=&#8221;605&#8243; img_size=&#8221;200&#215;308&#8243; alignment=&#8221;center&#8221; style=&#8221;vc_box_shadow_3d&#8221; onclick=&#8221;link_image&#8221; qode_css_animation=&#8221;element_from_left&#8221;][\/vc_column_inner][vc_column_inner width=&#8221;1\/6&#8243;][vc_single_image image=&#8221;607&#8243; img_size=&#8221;200&#215;308&#8243; alignment=&#8221;center&#8221; style=&#8221;vc_box_shadow_3d&#8221; onclick=&#8221;link_image&#8221; qode_css_animation=&#8221;element_from_left&#8221;][\/vc_column_inner][vc_column_inner width=&#8221;1\/6&#8243;][vc_single_image image=&#8221;604&#8243; img_size=&#8221;200&#215;308&#8243; alignment=&#8221;center&#8221; style=&#8221;vc_box_shadow_3d&#8221; onclick=&#8221;link_image&#8221; qode_css_animation=&#8221;element_from_left&#8221;][\/vc_column_inner][\/vc_row_inner][vc_empty_space][\/vc_column][\/vc_row][vc_row css_animation=&#8221;&#8221; row_type=&#8221;row&#8221; use_row_as_full_screen_section=&#8221;no&#8221; type=&#8221;full_width&#8221; angled_section=&#8221;no&#8221; text_align=&#8221;left&#8221; background_image_as_pattern=&#8221;without_pattern&#8221;][vc_column][vc_column_text][\/vc_column_text][\/vc_column][\/vc_row]<\/p>","protected":false},"excerpt":{"rendered":"<p>[vc_row css_animation=&#8221;&#8221; row_type=&#8221;row&#8221; use_row_as_full_screen_section=&#8221;no&#8221; type=&#8221;full_width&#8221; angled_section=&#8221;no&#8221; text_align=&#8221;left&#8221; background_image_as_pattern=&#8221;without_pattern&#8221;][vc_column][vc_column_text][\/vc_column_text][\/vc_column][\/vc_row][vc_row css_animation=&#8221;&#8221; row_type=&#8221;row&#8221; use_row_as_full_screen_section=&#8221;no&#8221; type=&#8221;full_width&#8221; angled_section=&#8221;no&#8221; text_align=&#8221;left&#8221; background_image_as_pattern=&#8221;without_pattern&#8221; z_index=&#8221;&#8221;][vc_column][vc_row_inner row_type=&#8221;row&#8221; type=&#8221;grid&#8221; text_align=&#8221;left&#8221; css_animation=&#8221;&#8221; css=&#8221;.vc_custom_1521039695248{padding-top: 150px !important;padding-bottom: 150px !important;}&#8221;][vc_column_inner][qode_elements_holder number_of_columns=&#8221;two_columns&#8221;][qode_elements_holder_item item_padding=&#8221;0 0 0 0&#8243; vertical_alignment=&#8221;middle&#8221; advanced_animations=&#8221;no&#8221;][vc_single_image image=&#8221;534&#8243; img_size=&#8221;full&#8221; qode_css_animation=&#8221;&#8221;][\/qode_elements_holder_item][qode_elements_holder_item item_padding=&#8221;0 0px 0 80px&#8221; vertical_alignment=&#8221;middle&#8221; advanced_animations=&#8221;no&#8221; item_padding_600_768=&#8221;80px 0px 0 0px&#8221;&#8230;<\/p>\n","protected":false},"author":1,"featured_media":0,"parent":0,"menu_order":0,"comment_status":"closed","ping_status":"closed","template":"full_width.php","meta":[],"_links":{"self":[{"href":"https:\/\/leprestigeperfume.com\/tr\/wp-json\/wp\/v2\/pages\/159"}],"collection":[{"href":"https:\/\/leprestigeperfume.com\/tr\/wp-json\/wp\/v2\/pages"}],"about":[{"href":"https:\/\/leprestigeperfume.com\/tr\/wp-json\/wp\/v2\/types\/page"}],"author":[{"embeddable":true,"href":"https:\/\/leprestigeperfume.com\/tr\/wp-json\/wp\/v2\/users\/1"}],"replies":[{"embeddable":true,"href":"https:\/\/leprestigeperfume.com\/tr\/wp-json\/wp\/v2\/comments?post=159"}],"version-history":[{"count":19,"href":"https:\/\/leprestigeperfume.com\/tr\/wp-json\/wp\/v2\/pages\/159\/revisions"}],"predecessor-version":[{"id":492,"href":"https:\/\/leprestigeperfume.com\/tr\/wp-json\/wp\/v2\/pages\/159\/revisions\/492"}],"wp:attachment":[{"href":"https:\/\/leprestigeperfume.com\/tr\/wp-json\/wp\/v2\/media?parent=159"}],"curies":[{"name":"wp","href":"https:\/\/api.w.org\/{rel}","templated":true}]}}