{"id":646,"date":"2022-08-07T18:06:29","date_gmt":"2022-08-07T18:06:29","guid":{"rendered":"https:\/\/leprestigeperfume.com\/?page_id=646"},"modified":"2024-05-19T14:06:07","modified_gmt":"2024-05-19T14:06:07","slug":"ortam-kokusu","status":"publish","type":"page","link":"https:\/\/leprestigeperfume.com\/tr\/ortam-kokusu\/","title":{"rendered":"Ortam Kokusu"},"content":{"rendered":"<p>[vc_row css_animation=&#8221;&#8221; row_type=&#8221;row&#8221; use_row_as_full_screen_section=&#8221;no&#8221; type=&#8221;full_width&#8221; angled_section=&#8221;no&#8221; text_align=&#8221;left&#8221; background_image_as_pattern=&#8221;without_pattern&#8221;][vc_column][\/vc_column][\/vc_row][vc_row css_animation=&#8221;element_from_right&#8221; row_type=&#8221;row&#8221; use_row_as_full_screen_section=&#8221;no&#8221; type=&#8221;grid&#8221; angled_section=&#8221;no&#8221; text_align=&#8221;left&#8221; background_image_as_pattern=&#8221;without_pattern&#8221; css=&#8221;.vc_custom_1659898711253{padding-top: 157px !important;padding-bottom: 50px !important;background-image: url(https:\/\/leprestigeperfume.com\/wp-content\/uploads\/2021\/10\/sag_back.jpg?id=620) !important;}&#8221; z_index=&#8221;&#8221; el_id=&#8221;cilek&#8221;][vc_column][qode_elements_holder number_of_columns=&#8221;two_columns&#8221;][qode_elements_holder_item item_padding=&#8221;0px 18px 74px 18px&#8221; vertical_alignment=&#8221;middle&#8221; advanced_animations=&#8221;no&#8221;][vc_column_text]<\/p>\n<h3 style=\"text-align: right;\">Le Prestige \u00c7ilek<\/h3>\n<p style=\"text-align: right;\">Ortam Kokusu<br \/>\n120 ML 4.0 FL.OZ.<\/p>\n<p style=\"text-align: right;\">Ev ve ofis otamlar\u0131nda kullan\u0131ma uygun kokulu bir \u00fcr\u00fcnd\u00fcr.<br \/>\n\u0130\u00e7eri\u011findeki esas sayesinde ortam\u0131n ho\u015f kokmas\u0131na neden olur.<br \/>\nOrtalama ve ortam s\u0131cakl\u0131\u011f\u0131na g\u00f6re koku yo\u011funlu\u011fu de\u011fi\u015fmekte olup,<br \/>\n2-6 hafta aras\u0131nda koku yaymaktad\u0131r.<\/p>\n<p>[\/vc_column_text][\/qode_elements_holder_item][qode_elements_holder_item vertical_alignment=&#8221;middle&#8221; advanced_animations=&#8221;no&#8221;][vc_single_image image=&#8221;647&#8243; img_size=&#8221;full&#8221; style=&#8221;vc_box_shadow_border&#8221; qode_css_animation=&#8221;&#8221;][\/qode_elements_holder_item][\/qode_elements_holder][\/vc_column][\/vc_row][vc_row css_animation=&#8221;element_from_left&#8221; row_type=&#8221;row&#8221; use_row_as_full_screen_section=&#8221;no&#8221; type=&#8221;grid&#8221; angled_section=&#8221;no&#8221; text_align=&#8221;left&#8221; background_image_as_pattern=&#8221;without_pattern&#8221; css=&#8221;.vc_custom_1659898700887{padding-top: 157px !important;padding-bottom: 50px !important;background-image: url(https:\/\/leprestigeperfume.com\/wp-content\/uploads\/2018\/03\/background-about.jpg?id=353) !important;}&#8221; z_index=&#8221;&#8221; el_id=&#8221;elma&#8221;][vc_column][qode_elements_holder number_of_columns=&#8221;two_columns&#8221;][qode_elements_holder_item vertical_alignment=&#8221;middle&#8221; advanced_animations=&#8221;no&#8221;][vc_single_image image=&#8221;648&#8243; img_size=&#8221;full&#8221; style=&#8221;vc_box_shadow_border&#8221; qode_css_animation=&#8221;&#8221;][\/qode_elements_holder_item][qode_elements_holder_item item_padding=&#8221;0px 18px 74px 18px&#8221; vertical_alignment=&#8221;middle&#8221; advanced_animations=&#8221;no&#8221;][vc_column_text]<\/p>\n<h3 style=\"text-align: left;\">Le Prestige Elma<\/h3>\n<p style=\"text-align: left;\">Ortam Kokusu<br \/>\n120 ML 4.0 FL.OZ.<\/p>\n<p style=\"text-align: left;\">Ev ve ofis otamlar\u0131nda kullan\u0131ma uygun kokulu bir \u00fcr\u00fcnd\u00fcr.<br \/>\n\u0130\u00e7eri\u011findeki esas sayesinde ortam\u0131n ho\u015f kokmas\u0131na neden olur.<br \/>\nOrtalama ve ortam s\u0131cakl\u0131\u011f\u0131na g\u00f6re koku yo\u011funlu\u011fu de\u011fi\u015fmekte olup,<br \/>\n2-6 hafta aras\u0131nda koku yaymaktad\u0131r.<\/p>\n<p>[\/vc_column_text][\/qode_elements_holder_item][\/qode_elements_holder][\/vc_column][\/vc_row][vc_row css_animation=&#8221;element_from_right&#8221; row_type=&#8221;row&#8221; use_row_as_full_screen_section=&#8221;no&#8221; type=&#8221;grid&#8221; angled_section=&#8221;no&#8221; text_align=&#8221;left&#8221; background_image_as_pattern=&#8221;without_pattern&#8221; css=&#8221;.vc_custom_1659898694222{padding-top: 157px !important;padding-bottom: 50px !important;background-image: url(https:\/\/leprestigeperfume.com\/wp-content\/uploads\/2021\/10\/sag_back.jpg?id=620) !important;}&#8221; z_index=&#8221;&#8221; el_id=&#8221;hceviz&#8221;][vc_column][qode_elements_holder number_of_columns=&#8221;two_columns&#8221;][qode_elements_holder_item item_padding=&#8221;0 18px 74px 0&#8243; vertical_alignment=&#8221;middle&#8221; advanced_animations=&#8221;no&#8221;][vc_column_text]<\/p>\n<h3 style=\"text-align: right;\">Le Prestige Hindistan Cevizi<\/h3>\n<p style=\"text-align: right;\">Ortam Kokusu<br \/>\n120 ML 4.0 FL.OZ.<\/p>\n<p style=\"text-align: right;\">Ev ve ofis otamlar\u0131nda kullan\u0131ma uygun kokulu bir \u00fcr\u00fcnd\u00fcr.<br \/>\n\u0130\u00e7eri\u011findeki esas sayesinde ortam\u0131n ho\u015f kokmas\u0131na neden olur.<br \/>\nOrtalama ve ortam s\u0131cakl\u0131\u011f\u0131na g\u00f6re koku yo\u011funlu\u011fu de\u011fi\u015fmekte olup,<br \/>\n2-6 hafta aras\u0131nda koku yaymaktad\u0131r.<\/p>\n<p>[\/vc_column_text][\/qode_elements_holder_item][qode_elements_holder_item vertical_alignment=&#8221;middle&#8221; advanced_animations=&#8221;no&#8221;][vc_single_image image=&#8221;649&#8243; img_size=&#8221;full&#8221; style=&#8221;vc_box_shadow_border&#8221; qode_css_animation=&#8221;&#8221;][\/qode_elements_holder_item][\/qode_elements_holder][\/vc_column][\/vc_row][vc_row css_animation=&#8221;element_from_left&#8221; row_type=&#8221;row&#8221; use_row_as_full_screen_section=&#8221;no&#8221; type=&#8221;grid&#8221; angled_section=&#8221;no&#8221; text_align=&#8221;left&#8221; background_image_as_pattern=&#8221;without_pattern&#8221; css=&#8221;.vc_custom_1659898685270{padding-top: 157px !important;padding-bottom: 50px !important;background-image: url(https:\/\/leprestigeperfume.com\/wp-content\/uploads\/2018\/03\/background-about.jpg?id=353) !important;}&#8221; z_index=&#8221;&#8221; el_id=&#8221;lavanta&#8221;][vc_column][qode_elements_holder number_of_columns=&#8221;two_columns&#8221;][qode_elements_holder_item vertical_alignment=&#8221;middle&#8221; advanced_animations=&#8221;no&#8221;][vc_single_image image=&#8221;650&#8243; img_size=&#8221;full&#8221; style=&#8221;vc_box_shadow_border&#8221; qode_css_animation=&#8221;&#8221;][\/qode_elements_holder_item][qode_elements_holder_item item_padding=&#8221;0px 18px 74px 18px&#8221; vertical_alignment=&#8221;middle&#8221; advanced_animations=&#8221;no&#8221;][vc_column_text]<\/p>\n<h3 style=\"text-align: left;\">Le Prestige Lavanta<\/h3>\n<p style=\"text-align: left;\">Ortam Kokusu<br \/>\n120 ML 4.0 FL.OZ.<\/p>\n<p style=\"text-align: left;\">Ev ve ofis otamlar\u0131nda kullan\u0131ma uygun kokulu bir \u00fcr\u00fcnd\u00fcr.<br \/>\n\u0130\u00e7eri\u011findeki esas sayesinde ortam\u0131n ho\u015f kokmas\u0131na neden olur.<br \/>\nOrtalama ve ortam s\u0131cakl\u0131\u011f\u0131na g\u00f6re koku yo\u011funlu\u011fu de\u011fi\u015fmekte olup,<br \/>\n2-6 hafta aras\u0131nda koku yaymaktad\u0131r.<\/p>\n<p>[\/vc_column_text][\/qode_elements_holder_item][\/qode_elements_holder][\/vc_column][\/vc_row][vc_row css_animation=&#8221;element_from_right&#8221; row_type=&#8221;row&#8221; use_row_as_full_screen_section=&#8221;no&#8221; type=&#8221;grid&#8221; angled_section=&#8221;no&#8221; text_align=&#8221;left&#8221; background_image_as_pattern=&#8221;without_pattern&#8221; css=&#8221;.vc_custom_1659898677352{padding-top: 157px !important;padding-bottom: 50px !important;background-image: url(https:\/\/leprestigeperfume.com\/wp-content\/uploads\/2021\/10\/sag_back.jpg?id=620) !important;}&#8221; z_index=&#8221;&#8221; el_id=&#8221;limon&#8221;][vc_column][qode_elements_holder number_of_columns=&#8221;two_columns&#8221;][qode_elements_holder_item item_padding=&#8221;0 18px 74px 0&#8243; vertical_alignment=&#8221;middle&#8221; advanced_animations=&#8221;no&#8221;][vc_column_text]<\/p>\n<h3 style=\"text-align: right;\">Le Prestige Limon<\/h3>\n<p style=\"text-align: right;\">Ortam Kokusu<br \/>\n120 ML 4.0 FL.OZ.<\/p>\n<p style=\"text-align: right;\">Ev ve ofis otamlar\u0131nda kullan\u0131ma uygun kokulu bir \u00fcr\u00fcnd\u00fcr.<br \/>\n\u0130\u00e7eri\u011findeki esas sayesinde ortam\u0131n ho\u015f kokmas\u0131na neden olur.<br \/>\nOrtalama ve ortam s\u0131cakl\u0131\u011f\u0131na g\u00f6re koku yo\u011funlu\u011fu de\u011fi\u015fmekte olup,<br \/>\n2-6 hafta aras\u0131nda koku yaymaktad\u0131r.<\/p>\n<p>[\/vc_column_text][\/qode_elements_holder_item][qode_elements_holder_item vertical_alignment=&#8221;middle&#8221; advanced_animations=&#8221;no&#8221;][vc_single_image image=&#8221;651&#8243; img_size=&#8221;full&#8221; style=&#8221;vc_box_shadow_border&#8221; qode_css_animation=&#8221;&#8221;][\/qode_elements_holder_item][\/qode_elements_holder][\/vc_column][\/vc_row][vc_row css_animation=&#8221;element_from_left&#8221; row_type=&#8221;row&#8221; use_row_as_full_screen_section=&#8221;no&#8221; type=&#8221;grid&#8221; angled_section=&#8221;no&#8221; text_align=&#8221;left&#8221; background_image_as_pattern=&#8221;without_pattern&#8221; css=&#8221;.vc_custom_1659898671418{padding-top: 157px !important;padding-bottom: 50px !important;background-image: url(https:\/\/leprestigeperfume.com\/wp-content\/uploads\/2018\/03\/background-about.jpg?id=353) !important;}&#8221; z_index=&#8221;&#8221; el_id=&#8221;cikolata&#8221;][vc_column][qode_elements_holder number_of_columns=&#8221;two_columns&#8221;][qode_elements_holder_item vertical_alignment=&#8221;middle&#8221; advanced_animations=&#8221;no&#8221;][vc_single_image image=&#8221;652&#8243; img_size=&#8221;full&#8221; style=&#8221;vc_box_shadow_border&#8221; qode_css_animation=&#8221;&#8221;][\/qode_elements_holder_item][qode_elements_holder_item item_padding=&#8221;0px 18px 74px 18px&#8221; vertical_alignment=&#8221;middle&#8221; advanced_animations=&#8221;no&#8221;][vc_column_text]<\/p>\n<h3 style=\"text-align: left;\">Le Prestige \u00c7ikolata<\/h3>\n<p style=\"text-align: left;\">Ortam Kokusu<br \/>\n120 ML 4.0 FL.OZ.<\/p>\n<p style=\"text-align: left;\">Ev ve ofis otamlar\u0131nda kullan\u0131ma uygun kokulu bir \u00fcr\u00fcnd\u00fcr.<br \/>\n\u0130\u00e7eri\u011findeki esas sayesinde ortam\u0131n ho\u015f kokmas\u0131na neden olur.<br \/>\nOrtalama ve ortam s\u0131cakl\u0131\u011f\u0131na g\u00f6re koku yo\u011funlu\u011fu de\u011fi\u015fmekte olup,<br \/>\n2-6 hafta aras\u0131nda koku yaymaktad\u0131r.<\/p>\n<p>[\/vc_column_text][\/qode_elements_holder_item][\/qode_elements_holder][\/vc_column][\/vc_row][vc_row css_animation=&#8221;element_from_right&#8221; row_type=&#8221;row&#8221; use_row_as_full_screen_section=&#8221;no&#8221; type=&#8221;grid&#8221; angled_section=&#8221;no&#8221; text_align=&#8221;left&#8221; background_image_as_pattern=&#8221;without_pattern&#8221; css=&#8221;.vc_custom_1659898663069{padding-top: 157px !important;padding-bottom: 50px !important;background-image: url(https:\/\/leprestigeperfume.com\/wp-content\/uploads\/2021\/10\/sag_back.jpg?id=620) !important;}&#8221; z_index=&#8221;&#8221; el_id=&#8221;kardelen&#8221;][vc_column][qode_elements_holder number_of_columns=&#8221;two_columns&#8221;][qode_elements_holder_item item_padding=&#8221;0 18px 74px 0&#8243; vertical_alignment=&#8221;middle&#8221; advanced_animations=&#8221;no&#8221;][vc_column_text]<\/p>\n<h3 style=\"text-align: right;\">Le Prestige Kardelen<\/h3>\n<p style=\"text-align: right;\">Ortam Kokusu<br \/>\n120 ML 4.0 FL.OZ.<\/p>\n<p style=\"text-align: right;\">Ev ve ofis otamlar\u0131nda kullan\u0131ma uygun kokulu bir \u00fcr\u00fcnd\u00fcr.<br \/>\n\u0130\u00e7eri\u011findeki esas sayesinde ortam\u0131n ho\u015f kokmas\u0131na neden olur.<br \/>\nOrtalama ve ortam s\u0131cakl\u0131\u011f\u0131na g\u00f6re koku yo\u011funlu\u011fu de\u011fi\u015fmekte olup,<br \/>\n2-6 hafta aras\u0131nda koku yaymaktad\u0131r.<\/p>\n<p>[\/vc_column_text][\/qode_elements_holder_item][qode_elements_holder_item vertical_alignment=&#8221;middle&#8221; advanced_animations=&#8221;no&#8221;][vc_single_image image=&#8221;653&#8243; img_size=&#8221;full&#8221; style=&#8221;vc_box_shadow_border&#8221; qode_css_animation=&#8221;&#8221;][\/qode_elements_holder_item][\/qode_elements_holder][\/vc_column][\/vc_row][vc_row css_animation=&#8221;element_from_left&#8221; row_type=&#8221;row&#8221; use_row_as_full_screen_section=&#8221;no&#8221; type=&#8221;grid&#8221; angled_section=&#8221;no&#8221; text_align=&#8221;left&#8221; background_image_as_pattern=&#8221;without_pattern&#8221; css=&#8221;.vc_custom_1659898655352{padding-top: 157px !important;padding-bottom: 50px !important;background-image: url(https:\/\/leprestigeperfume.com\/wp-content\/uploads\/2018\/03\/background-about.jpg?id=353) !important;}&#8221; z_index=&#8221;&#8221; el_id=&#8221;sakiz&#8221;][vc_column][qode_elements_holder number_of_columns=&#8221;two_columns&#8221;][qode_elements_holder_item vertical_alignment=&#8221;middle&#8221; advanced_animations=&#8221;no&#8221;][vc_single_image image=&#8221;654&#8243; img_size=&#8221;full&#8221; style=&#8221;vc_box_shadow_border&#8221; qode_css_animation=&#8221;&#8221;][\/qode_elements_holder_item][qode_elements_holder_item item_padding=&#8221;0px 18px 74px 18px&#8221; vertical_alignment=&#8221;middle&#8221; advanced_animations=&#8221;no&#8221;][vc_column_text]<\/p>\n<h3 style=\"text-align: left;\">Le Prestige Sak\u0131z<\/h3>\n<p style=\"text-align: left;\">Ortam Kokusu<br \/>\n120 ML 4.0 FL.OZ.<\/p>\n<p style=\"text-align: left;\">Ev ve ofis otamlar\u0131nda kullan\u0131ma uygun kokulu bir \u00fcr\u00fcnd\u00fcr.<br \/>\n\u0130\u00e7eri\u011findeki esas sayesinde ortam\u0131n ho\u015f kokmas\u0131na neden olur.<br \/>\nOrtalama ve ortam s\u0131cakl\u0131\u011f\u0131na g\u00f6re koku yo\u011funlu\u011fu de\u011fi\u015fmekte olup,<br \/>\n2-6 hafta aras\u0131nda koku yaymaktad\u0131r.<\/p>\n<p>[\/vc_column_text][\/qode_elements_holder_item][\/qode_elements_holder][\/vc_column][\/vc_row][vc_row css_animation=&#8221;element_from_right&#8221; row_type=&#8221;row&#8221; use_row_as_full_screen_section=&#8221;no&#8221; type=&#8221;grid&#8221; angled_section=&#8221;no&#8221; text_align=&#8221;left&#8221; background_image_as_pattern=&#8221;without_pattern&#8221; css=&#8221;.vc_custom_1659898645369{padding-top: 157px !important;padding-bottom: 50px !important;background-image: url(https:\/\/leprestigeperfume.com\/wp-content\/uploads\/2021\/10\/sag_back.jpg?id=620) !important;}&#8221; z_index=&#8221;&#8221; el_id=&#8221;vanilya&#8221;][vc_column][qode_elements_holder number_of_columns=&#8221;two_columns&#8221;][qode_elements_holder_item item_padding=&#8221;0px 18px 74px 18px&#8221; vertical_alignment=&#8221;middle&#8221; advanced_animations=&#8221;no&#8221;][vc_column_text]<\/p>\n<h3 style=\"text-align: right;\">Le Prestige Vanilya<\/h3>\n<p style=\"text-align: right;\">Ortam Kokusu<br \/>\n120 ML 4.0 FL.OZ.<\/p>\n<p style=\"text-align: right;\">Ev ve ofis otamlar\u0131nda kullan\u0131ma uygun kokulu bir \u00fcr\u00fcnd\u00fcr.<br \/>\n\u0130\u00e7eri\u011findeki esas sayesinde ortam\u0131n ho\u015f kokmas\u0131na neden olur.<br \/>\nOrtalama ve ortam s\u0131cakl\u0131\u011f\u0131na g\u00f6re koku yo\u011funlu\u011fu de\u011fi\u015fmekte olup,<br \/>\n2-6 hafta aras\u0131nda koku yaymaktad\u0131r.<\/p>\n<p>[\/vc_column_text][\/qode_elements_holder_item][qode_elements_holder_item vertical_alignment=&#8221;middle&#8221; advanced_animations=&#8221;no&#8221;][vc_single_image image=&#8221;655&#8243; img_size=&#8221;full&#8221; style=&#8221;vc_box_shadow_border&#8221; qode_css_animation=&#8221;&#8221;][\/qode_elements_holder_item][\/qode_elements_holder][\/vc_column][\/vc_row][vc_row css_animation=&#8221;element_from_left&#8221; row_type=&#8221;row&#8221; use_row_as_full_screen_section=&#8221;no&#8221; type=&#8221;grid&#8221; angled_section=&#8221;no&#8221; text_align=&#8221;left&#8221; background_image_as_pattern=&#8221;without_pattern&#8221; css=&#8221;.vc_custom_1659898636971{padding-top: 157px !important;padding-bottom: 50px !important;background-image: url(https:\/\/leprestigeperfume.com\/wp-content\/uploads\/2018\/03\/background-about.jpg?id=353) !important;}&#8221; z_index=&#8221;&#8221; el_id=&#8221;seftali&#8221;][vc_column][qode_elements_holder number_of_columns=&#8221;two_columns&#8221;][qode_elements_holder_item vertical_alignment=&#8221;middle&#8221; advanced_animations=&#8221;no&#8221;][vc_single_image image=&#8221;656&#8243; img_size=&#8221;full&#8221; style=&#8221;vc_box_shadow_border&#8221; qode_css_animation=&#8221;&#8221;][\/qode_elements_holder_item][qode_elements_holder_item item_padding=&#8221;0px 18px 74px 18px&#8221; vertical_alignment=&#8221;middle&#8221; advanced_animations=&#8221;no&#8221;][vc_column_text]<\/p>\n<h3 style=\"text-align: left;\">Le Prestige \u015eeftali<\/h3>\n<p style=\"text-align: left;\">Ortam Kokusu<br \/>\n120 ML 4.0 FL.OZ.<\/p>\n<p style=\"text-align: left;\">Ev ve ofis otamlar\u0131nda kullan\u0131ma uygun kokulu bir \u00fcr\u00fcnd\u00fcr.<br \/>\n\u0130\u00e7eri\u011findeki esas sayesinde ortam\u0131n ho\u015f kokmas\u0131na neden olur.<br \/>\nOrtalama ve ortam s\u0131cakl\u0131\u011f\u0131na g\u00f6re koku yo\u011funlu\u011fu de\u011fi\u015fmekte olup,<br \/>\n2-6 hafta aras\u0131nda koku yaymaktad\u0131r.<\/p>\n<p>[\/vc_column_text][\/qode_elements_holder_item][\/qode_elements_holder][\/vc_column][\/vc_row][vc_row css_animation=&#8221;element_from_right&#8221; row_type=&#8221;row&#8221; use_row_as_full_screen_section=&#8221;no&#8221; type=&#8221;grid&#8221; angled_section=&#8221;no&#8221; text_align=&#8221;left&#8221; background_image_as_pattern=&#8221;without_pattern&#8221; css=&#8221;.vc_custom_1659898624537{padding-top: 157px !important;padding-bottom: 50px !important;background-image: url(https:\/\/leprestigeperfume.com\/wp-content\/uploads\/2021\/10\/sag_back.jpg?id=620) !important;}&#8221; z_index=&#8221;&#8221; el_id=&#8221;okyanus&#8221;][vc_column][qode_elements_holder number_of_columns=&#8221;two_columns&#8221;][qode_elements_holder_item item_padding=&#8221;0px 18px 74px 18px&#8221; vertical_alignment=&#8221;middle&#8221; advanced_animations=&#8221;no&#8221;][vc_column_text]<\/p>\n<h3 style=\"text-align: right;\">Le Prestige Okyanus<\/h3>\n<p style=\"text-align: right;\">Ortam Kokusu<br \/>\n120 ML 4.0 FL.OZ.<\/p>\n<p style=\"text-align: right;\">Ev ve ofis otamlar\u0131nda kullan\u0131ma uygun kokulu bir \u00fcr\u00fcnd\u00fcr.<br \/>\n\u0130\u00e7eri\u011findeki esas sayesinde ortam\u0131n ho\u015f kokmas\u0131na neden olur.<br \/>\nOrtalama ve ortam s\u0131cakl\u0131\u011f\u0131na g\u00f6re koku yo\u011funlu\u011fu de\u011fi\u015fmekte olup,<br \/>\n2-6 hafta aras\u0131nda koku yaymaktad\u0131r.<\/p>\n<p>[\/vc_column_text][\/qode_elements_holder_item][qode_elements_holder_item vertical_alignment=&#8221;middle&#8221; advanced_animations=&#8221;no&#8221;][vc_single_image image=&#8221;659&#8243; img_size=&#8221;full&#8221; style=&#8221;vc_box_shadow_border&#8221; qode_css_animation=&#8221;&#8221;][\/qode_elements_holder_item][\/qode_elements_holder][\/vc_column][\/vc_row][vc_row css_animation=&#8221;element_from_left&#8221; row_type=&#8221;row&#8221; use_row_as_full_screen_section=&#8221;no&#8221; type=&#8221;grid&#8221; anchor=&#8221;erba&#8221; angled_section=&#8221;no&#8221; text_align=&#8221;left&#8221; background_image_as_pattern=&#8221;without_pattern&#8221; css=&#8221;.vc_custom_1659898615403{padding-top: 157px !important;padding-bottom: 50px !important;background-image: url(https:\/\/leprestigeperfume.com\/wp-content\/uploads\/2018\/03\/background-about.jpg?id=353) !important;}&#8221; z_index=&#8221;&#8221; el_id=&#8221;mango&#8221;][vc_column][qode_elements_holder number_of_columns=&#8221;two_columns&#8221;][qode_elements_holder_item vertical_alignment=&#8221;middle&#8221; advanced_animations=&#8221;no&#8221;][vc_single_image image=&#8221;660&#8243; img_size=&#8221;full&#8221; style=&#8221;vc_box_shadow_border&#8221; qode_css_animation=&#8221;&#8221;][\/qode_elements_holder_item][qode_elements_holder_item item_padding=&#8221;0px 18px 74px 18px&#8221; vertical_alignment=&#8221;middle&#8221; advanced_animations=&#8221;no&#8221;][vc_column_text]<\/p>\n<h3 style=\"text-align: left;\">Le Prestige Mango<\/h3>\n<p style=\"text-align: left;\">Ortam Kokusu<br \/>\n120 ML 4.0 FL.OZ.<\/p>\n<p style=\"text-align: left;\">Ev ve ofis otamlar\u0131nda kullan\u0131ma uygun kokulu bir \u00fcr\u00fcnd\u00fcr.<br \/>\n\u0130\u00e7eri\u011findeki esas sayesinde ortam\u0131n ho\u015f kokmas\u0131na neden olur.<br \/>\nOrtalama ve ortam s\u0131cakl\u0131\u011f\u0131na g\u00f6re koku yo\u011funlu\u011fu de\u011fi\u015fmekte olup,<br \/>\n2-6 hafta aras\u0131nda koku yaymaktad\u0131r.<\/p>\n<p>[\/vc_column_text][\/qode_elements_holder_item][\/qode_elements_holder][\/vc_column][\/vc_row][vc_row css_animation=&#8221;&#8221; row_type=&#8221;row&#8221; use_row_as_full_screen_section=&#8221;no&#8221; type=&#8221;full_width&#8221; angled_section=&#8221;no&#8221; text_align=&#8221;left&#8221; background_image_as_pattern=&#8221;without_pattern&#8221;][vc_column][vc_column_text]<\/p>\n<p>[\/vc_column_text][\/vc_column][\/vc_row]<\/p>","protected":false},"excerpt":{"rendered":"<p>[vc_row css_animation=&#8221;&#8221; row_type=&#8221;row&#8221; use_row_as_full_screen_section=&#8221;no&#8221; type=&#8221;full_width&#8221; angled_section=&#8221;no&#8221; text_align=&#8221;left&#8221; background_image_as_pattern=&#8221;without_pattern&#8221;][vc_column][\/vc_column][\/vc_row][vc_row css_animation=&#8221;element_from_right&#8221; row_type=&#8221;row&#8221; use_row_as_full_screen_section=&#8221;no&#8221; type=&#8221;grid&#8221; angled_section=&#8221;no&#8221; text_align=&#8221;left&#8221; background_image_as_pattern=&#8221;without_pattern&#8221; css=&#8221;.vc_custom_1659898711253{padding-top: 157px !important;padding-bottom: 50px !important;background-image: url(https:\/\/leprestigeperfume.com\/wp-content\/uploads\/2021\/10\/sag_back.jpg?id=620) !important;}&#8221; z_index=&#8221;&#8221; el_id=&#8221;cilek&#8221;][vc_column][qode_elements_holder number_of_columns=&#8221;two_columns&#8221;][qode_elements_holder_item item_padding=&#8221;0px 18px 74px 18px&#8221; vertical_alignment=&#8221;middle&#8221; advanced_animations=&#8221;no&#8221;][vc_column_text] Le Prestige \u00c7ilek Ortam Kokusu 120 ML 4.0 FL.OZ. Ev ve ofis otamlar\u0131nda kullan\u0131ma&#8230;<\/p>\n","protected":false},"author":1,"featured_media":0,"parent":0,"menu_order":0,"comment_status":"closed","ping_status":"closed","template":"","meta":[],"_links":{"self":[{"href":"https:\/\/leprestigeperfume.com\/tr\/wp-json\/wp\/v2\/pages\/646"}],"collection":[{"href":"https:\/\/leprestigeperfume.com\/tr\/wp-json\/wp\/v2\/pages"}],"about":[{"href":"https:\/\/leprestigeperfume.com\/tr\/wp-json\/wp\/v2\/types\/page"}],"author":[{"embeddable":true,"href":"https:\/\/leprestigeperfume.com\/tr\/wp-json\/wp\/v2\/users\/1"}],"replies":[{"embeddable":true,"href":"https:\/\/leprestigeperfume.com\/tr\/wp-json\/wp\/v2\/comments?post=646"}],"version-history":[{"count":7,"href":"https:\/\/leprestigeperfume.com\/tr\/wp-json\/wp\/v2\/pages\/646\/revisions"}],"predecessor-version":[{"id":670,"href":"https:\/\/leprestigeperfume.com\/tr\/wp-json\/wp\/v2\/pages\/646\/revisions\/670"}],"wp:attachment":[{"href":"https:\/\/leprestigeperfume.com\/tr\/wp-json\/wp\/v2\/media?parent=646"}],"curies":[{"name":"wp","href":"https:\/\/api.w.org\/{rel}","templated":true}]}}