{"id":688,"date":"2025-01-10T18:52:44","date_gmt":"2025-01-10T18:52:44","guid":{"rendered":"https:\/\/leprestigeperfume.com\/?page_id=688"},"modified":"2025-01-10T20:25:27","modified_gmt":"2025-01-10T20:25:27","slug":"kadin","status":"publish","type":"page","link":"https:\/\/leprestigeperfume.com\/tr\/kadin\/","title":{"rendered":"Kad\u0131n"},"content":{"rendered":"<p>[vc_row css_animation=&#8221;&#8221; row_type=&#8221;row&#8221; use_row_as_full_screen_section=&#8221;no&#8221; type=&#8221;full_width&#8221; angled_section=&#8221;no&#8221; text_align=&#8221;left&#8221; background_image_as_pattern=&#8221;without_pattern&#8221;][vc_column][\/vc_column][\/vc_row][vc_row css_animation=&#8221;element_from_right&#8221; row_type=&#8221;row&#8221; use_row_as_full_screen_section=&#8221;no&#8221; type=&#8221;grid&#8221; angled_section=&#8221;no&#8221; text_align=&#8221;left&#8221; background_image_as_pattern=&#8221;without_pattern&#8221; css=&#8221;.vc_custom_1633342996258{padding-top: 157px !important;padding-bottom: 50px !important;background-image: url(https:\/\/leprestigeperfume.com\/wp-content\/uploads\/2021\/10\/sag_back.jpg?id=620) !important;}&#8221; z_index=&#8221;&#8221;][vc_column][qode_elements_holder number_of_columns=&#8221;two_columns&#8221;][qode_elements_holder_item item_padding=&#8221;0px 18px 74px 18px&#8221; vertical_alignment=&#8221;middle&#8221; advanced_animations=&#8221;no&#8221;][vc_column_text]<\/p>\n<h3 style=\"text-align: right;\">Le Prestige Selene Crystal<\/h3>\n<p style=\"text-align: right;\">Kad\u0131n Parf\u00fcm<br \/>\nE.D.P 50ml<\/p>\n<p style=\"text-align: right;\">Selene Crystal Parf\u00fcm, (Le Prestige) l\u00fcks Frans\u0131z koleksiyon kokular\u0131ndan biridir ve kad\u0131nlar i\u00e7in kullan\u0131lmak \u00fczere tasarlanm\u0131\u015ft\u0131r ve 50 ml&#8217;lik \u015f\u0131k \u015fi\u015fe ile birlikte t\u00fcm durumlar ve etkinlikler i\u00e7in uygundur.<br \/>\nT\u00fcm (Le Prestige) parf\u00fcm koleksiyonu gibi, parf\u00fcm tasar\u0131mc\u0131s\u0131 bu parf\u00fcm\u00fcn zarafetini ve ihti\u015fam\u0131n\u0131 yans\u0131tan \u00e7ekici g\u00f6r\u00fcn\u00fcml\u00fc ve zarif bir tasar\u0131ma sahip bir \u015fi\u015fede sunmak i\u00e7in \u00e7ok istekliydi.<br \/>\nKad\u0131nlar i\u00e7in \u00c7i\u00e7eksi Meyveli bir kokudur.<br \/>\n\u00dcst notalarda Yuzu, Nar ve Buz<br \/>\nOrta notalarda \u015eakay\u0131k, Lotus ve Manolya<br \/>\nAlt notalarda Misk, Maun ve Amber bulunur.<\/p>\n<p>[\/vc_column_text][\/qode_elements_holder_item][qode_elements_holder_item vertical_alignment=&#8221;middle&#8221; advanced_animations=&#8221;no&#8221;][vc_single_image image=&#8221;690&#8243; img_size=&#8221;full&#8221; style=&#8221;vc_box_shadow_border&#8221; qode_css_animation=&#8221;&#8221;][\/qode_elements_holder_item][\/qode_elements_holder][\/vc_column][\/vc_row][vc_row css_animation=&#8221;element_from_left&#8221; row_type=&#8221;row&#8221; use_row_as_full_screen_section=&#8221;no&#8221; type=&#8221;grid&#8221; angled_section=&#8221;no&#8221; text_align=&#8221;left&#8221; background_image_as_pattern=&#8221;without_pattern&#8221; css=&#8221;.vc_custom_1633343064618{padding-top: 157px !important;padding-bottom: 50px !important;background-image: url(https:\/\/leprestigeperfume.com\/wp-content\/uploads\/2018\/03\/background-about.jpg?id=353) !important;}&#8221; z_index=&#8221;&#8221;][vc_column][qode_elements_holder number_of_columns=&#8221;two_columns&#8221;][qode_elements_holder_item vertical_alignment=&#8221;middle&#8221; advanced_animations=&#8221;no&#8221;][vc_single_image image=&#8221;692&#8243; img_size=&#8221;full&#8221; style=&#8221;vc_box_shadow_border&#8221; qode_css_animation=&#8221;&#8221;][\/qode_elements_holder_item][qode_elements_holder_item item_padding=&#8221;0px 18px 74px 18px&#8221; vertical_alignment=&#8221;middle&#8221; advanced_animations=&#8221;no&#8221;][vc_column_text]<\/p>\n<h3 style=\"text-align: left;\">Le Prestige Luna Poudree<\/h3>\n<p style=\"text-align: left;\">Kad\u0131n Parf\u00fcm<br \/>\nE.D.P 50ml<\/p>\n<p style=\"text-align: left;\">Luna Poudree Parf\u00fcm, (Le Prestige) l\u00fcks Frans\u0131z koleksiyon kokular\u0131ndan biridir ve kad\u0131nlar i\u00e7in kullan\u0131lmak \u00fczere tasarlanm\u0131\u015ft\u0131r ve 50 ml&#8217;lik \u015f\u0131k \u015fi\u015fe ile birlikte t\u00fcm durumlar ve etkinlikler i\u00e7in uygundur.<br \/>\nT\u00fcm (Le Prestige) parf\u00fcm koleksiyonu gibi, parf\u00fcm tasar\u0131mc\u0131s\u0131 bu parf\u00fcm\u00fcn zarafetini ve ihti\u015fam\u0131n\u0131 yans\u0131tan \u00e7ekici g\u00f6r\u00fcn\u00fcml\u00fc ve zarif bir tasar\u0131ma sahip bir \u015fi\u015fede sunmak i\u00e7in \u00e7ok istekliydi.<br \/>\nKad\u0131nlar i\u00e7in Woody Floral Misk kokusudur.<br \/>\n\u00dcst notalarda Yasemin, Bulgar G\u00fcl\u00fc ve Portakal \u00c7i\u00e7e\u011fi<br \/>\nOrta notalarda Misk<br \/>\nAlt notalarda Kumarin, Sedir, Vetiver ve Pa\u00e7uli bulunur.<\/p>\n<p>[\/vc_column_text][\/qode_elements_holder_item][\/qode_elements_holder][\/vc_column][\/vc_row][vc_row css_animation=&#8221;element_from_right&#8221; row_type=&#8221;row&#8221; use_row_as_full_screen_section=&#8221;no&#8221; type=&#8221;grid&#8221; angled_section=&#8221;no&#8221; text_align=&#8221;left&#8221; background_image_as_pattern=&#8221;without_pattern&#8221; css=&#8221;.vc_custom_1633343086635{padding-top: 157px !important;padding-bottom: 50px !important;background-image: url(https:\/\/leprestigeperfume.com\/wp-content\/uploads\/2021\/10\/sag_back.jpg?id=620) !important;}&#8221; z_index=&#8221;&#8221;][vc_column][qode_elements_holder number_of_columns=&#8221;two_columns&#8221;][qode_elements_holder_item item_padding=&#8221;0 18px 74px 0&#8243; vertical_alignment=&#8221;middle&#8221; advanced_animations=&#8221;no&#8221;][vc_column_text]<\/p>\n<h3 style=\"text-align: right;\">Le Prestige Hera<\/h3>\n<p style=\"text-align: right;\">Kad\u0131n Parf\u00fcm<br \/>\nE.D.P 50ml<\/p>\n<p style=\"text-align: right;\">Hera Parf\u00fcm, (Le Prestige) l\u00fcks Frans\u0131z koleksiyon kokular\u0131ndan biridir ve kad\u0131nlar i\u00e7in kullan\u0131lmak \u00fczere tasarlanm\u0131\u015ft\u0131r ve 50 ml&#8217;lik \u015f\u0131k \u015fi\u015fe ile birlikte t\u00fcm durumlar ve etkinlikler i\u00e7in uygundur.<br \/>\nT\u00fcm (Le Prestige) parf\u00fcm koleksiyonu gibi, parf\u00fcm tasar\u0131mc\u0131s\u0131 bu parf\u00fcm\u00fcn zarafetini ve ihti\u015fam\u0131n\u0131 yans\u0131tan \u00e7ekici g\u00f6r\u00fcn\u00fcml\u00fc ve zarif bir tasar\u0131ma sahip bir \u015fi\u015fede sunmak i\u00e7in \u00e7ok istekliydi.<\/p>\n<p>[\/vc_column_text][\/qode_elements_holder_item][qode_elements_holder_item vertical_alignment=&#8221;middle&#8221; advanced_animations=&#8221;no&#8221;][vc_single_image image=&#8221;695&#8243; img_size=&#8221;full&#8221; style=&#8221;vc_box_shadow_border&#8221; qode_css_animation=&#8221;&#8221;][\/qode_elements_holder_item][\/qode_elements_holder][\/vc_column][\/vc_row][vc_row css_animation=&#8221;element_from_left&#8221; row_type=&#8221;row&#8221; use_row_as_full_screen_section=&#8221;no&#8221; type=&#8221;grid&#8221; angled_section=&#8221;no&#8221; text_align=&#8221;left&#8221; background_image_as_pattern=&#8221;without_pattern&#8221; css=&#8221;.vc_custom_1633343100078{padding-top: 157px !important;padding-bottom: 50px !important;background-image: url(https:\/\/leprestigeperfume.com\/wp-content\/uploads\/2018\/03\/background-about.jpg?id=353) !important;}&#8221; z_index=&#8221;&#8221;][vc_column][qode_elements_holder number_of_columns=&#8221;two_columns&#8221;][qode_elements_holder_item vertical_alignment=&#8221;middle&#8221; advanced_animations=&#8221;no&#8221;][vc_single_image image=&#8221;696&#8243; img_size=&#8221;full&#8221; style=&#8221;vc_box_shadow_border&#8221; qode_css_animation=&#8221;&#8221;][\/qode_elements_holder_item][qode_elements_holder_item item_padding=&#8221;0px 18px 74px 18px&#8221; vertical_alignment=&#8221;middle&#8221; advanced_animations=&#8221;no&#8221;][vc_column_text]<\/p>\n<h3 style=\"text-align: left;\">Le Prestige Cherry<\/h3>\n<p style=\"text-align: left;\">Kad\u0131n Parf\u00fcm<br \/>\nE.D.P 50ml<\/p>\n<p style=\"text-align: left;\">Cherry Parf\u00fcm, (Le Prestige) l\u00fcks Frans\u0131z koleksiyon kokular\u0131ndan biridir ve kad\u0131nlar i\u00e7in kullan\u0131lmak \u00fczere tasarlanm\u0131\u015ft\u0131r ve 50 ml&#8217;lik \u015f\u0131k \u015fi\u015fe ile birlikte t\u00fcm durumlar ve etkinlikler i\u00e7in uygundur.<br \/>\nT\u00fcm (Le Prestige) parf\u00fcm koleksiyonu gibi, parf\u00fcm tasar\u0131mc\u0131s\u0131 bu parf\u00fcm\u00fcn zarafetini ve ihti\u015fam\u0131n\u0131 yans\u0131tan \u00e7ekici g\u00f6r\u00fcn\u00fcml\u00fc ve zarif bir tasar\u0131ma sahip bir \u015fi\u015fede sunmak i\u00e7in \u00e7ok istekliydi.<\/p>\n<p>[\/vc_column_text][\/qode_elements_holder_item][\/qode_elements_holder][\/vc_column][\/vc_row][vc_row css_animation=&#8221;element_from_right&#8221; row_type=&#8221;row&#8221; use_row_as_full_screen_section=&#8221;no&#8221; type=&#8221;grid&#8221; angled_section=&#8221;no&#8221; text_align=&#8221;left&#8221; background_image_as_pattern=&#8221;without_pattern&#8221; css=&#8221;.vc_custom_1633343110958{padding-top: 157px !important;padding-bottom: 50px !important;background-image: url(https:\/\/leprestigeperfume.com\/wp-content\/uploads\/2021\/10\/sag_back.jpg?id=620) !important;}&#8221; z_index=&#8221;&#8221;][vc_column][qode_elements_holder number_of_columns=&#8221;two_columns&#8221;][qode_elements_holder_item item_padding=&#8221;0 18px 74px 0&#8243; vertical_alignment=&#8221;middle&#8221; advanced_animations=&#8221;no&#8221;][vc_column_text]<\/p>\n<h3 style=\"text-align: right;\">Le Prestige Jasmine<\/h3>\n<p style=\"text-align: right;\">Kad\u0131n Parf\u00fcm<br \/>\nE.D.P 50ml<\/p>\n<p style=\"text-align: right;\">Jasmine Parf\u00fcm, (Le Prestige) l\u00fcks Frans\u0131z koleksiyon kokular\u0131ndan biridir ve kad\u0131nlar i\u00e7in kullan\u0131lmak \u00fczere tasarlanm\u0131\u015ft\u0131r ve 50 ml&#8217;lik \u015f\u0131k \u015fi\u015fe ile birlikte t\u00fcm durumlar ve etkinlikler i\u00e7in uygundur.<br \/>\nT\u00fcm (Le Prestige) parf\u00fcm koleksiyonu gibi, parf\u00fcm tasar\u0131mc\u0131s\u0131 bu parf\u00fcm\u00fcn zarafetini ve ihti\u015fam\u0131n\u0131 yans\u0131tan \u00e7ekici g\u00f6r\u00fcn\u00fcml\u00fc ve zarif bir tasar\u0131ma sahip bir \u015fi\u015fede sunmak i\u00e7in \u00e7ok istekliydi.<br \/>\nKad\u0131nlar i\u00e7in bir Oriental Floral parf\u00fcmd\u00fcr.<br \/>\n\u00dcst notalarda B\u00f6\u011f\u00fcrtlen, Mandalina Yapra\u011f\u0131 ve \u0130pek A\u011fac\u0131 \u00e7i\u00e7e\u011fi; orta notalarda Yasemin, Portakal \u00c7i\u00e7e\u011fi, Gece \u00c7i\u00e7ek A\u00e7an Cereus ve G\u00fcl<br \/>\nAlt notalarda Vanilya, Tonka Fasulyesi ve Mysore Sandal A\u011fac\u0131 bulunur.<\/p>\n<p>[\/vc_column_text][\/qode_elements_holder_item][qode_elements_holder_item vertical_alignment=&#8221;middle&#8221; advanced_animations=&#8221;no&#8221;][vc_single_image image=&#8221;697&#8243; img_size=&#8221;full&#8221; style=&#8221;vc_box_shadow_border&#8221; qode_css_animation=&#8221;&#8221;][\/qode_elements_holder_item][\/qode_elements_holder][\/vc_column][\/vc_row][vc_row css_animation=&#8221;element_from_left&#8221; row_type=&#8221;row&#8221; use_row_as_full_screen_section=&#8221;no&#8221; type=&#8221;grid&#8221; angled_section=&#8221;no&#8221; text_align=&#8221;left&#8221; background_image_as_pattern=&#8221;without_pattern&#8221; css=&#8221;.vc_custom_1633343121311{padding-top: 157px !important;padding-bottom: 50px !important;background-image: url(https:\/\/leprestigeperfume.com\/wp-content\/uploads\/2018\/03\/background-about.jpg?id=353) !important;}&#8221; z_index=&#8221;&#8221;][vc_column][qode_elements_holder number_of_columns=&#8221;two_columns&#8221;][qode_elements_holder_item vertical_alignment=&#8221;middle&#8221; advanced_animations=&#8221;no&#8221;][vc_single_image image=&#8221;699&#8243; img_size=&#8221;full&#8221; style=&#8221;vc_box_shadow_border&#8221; qode_css_animation=&#8221;&#8221;][\/qode_elements_holder_item][qode_elements_holder_item item_padding=&#8221;0px 18px 74px 18px&#8221; vertical_alignment=&#8221;middle&#8221; advanced_animations=&#8221;no&#8221;][vc_column_text]<\/p>\n<h3 style=\"text-align: left;\">Le Prestige Giana<\/h3>\n<p style=\"text-align: left;\">Kad\u0131n Parf\u00fcm<br \/>\nE.D.P 50ml<\/p>\n<p style=\"text-align: left;\">Giana Parf\u00fcm, (Le Prestige) l\u00fcks Frans\u0131z koleksiyon kokular\u0131ndan biridir ve kad\u0131nlar i\u00e7in kullan\u0131lmak \u00fczere tasarlanm\u0131\u015ft\u0131r ve 50 ml&#8217;lik \u015f\u0131k \u015fi\u015fe ile birlikte t\u00fcm durumlar ve etkinlikler i\u00e7in uygundur.<br \/>\nT\u00fcm (Le Prestige) parf\u00fcm koleksiyonu gibi, parf\u00fcm tasar\u0131mc\u0131s\u0131 bu parf\u00fcm\u00fcn zarafetini ve ihti\u015fam\u0131n\u0131 yans\u0131tan \u00e7ekici g\u00f6r\u00fcn\u00fcml\u00fc ve zarif bir tasar\u0131ma sahip bir \u015fi\u015fede sunmak i\u00e7in \u00e7ok istekliydi.<br \/>\nKad\u0131nlar i\u00e7in Chypre Fruity bir kokudur.<br \/>\n\u00dcst notalarda \u00c7ilek ve Mandalina; orta notalarda G\u00fcl ve Yasemin; alt notalarda Pa\u00e7uli , Sandal A\u011fac\u0131, Amber, me\u015fe yosunu ve Vetiver bulunur.<\/p>\n<p>[\/vc_column_text][\/qode_elements_holder_item][\/qode_elements_holder][\/vc_column][\/vc_row][vc_row css_animation=&#8221;element_from_right&#8221; row_type=&#8221;row&#8221; use_row_as_full_screen_section=&#8221;no&#8221; type=&#8221;grid&#8221; angled_section=&#8221;no&#8221; text_align=&#8221;left&#8221; background_image_as_pattern=&#8221;without_pattern&#8221; css=&#8221;.vc_custom_1633343132019{padding-top: 157px !important;padding-bottom: 50px !important;background-image: url(https:\/\/leprestigeperfume.com\/wp-content\/uploads\/2021\/10\/sag_back.jpg?id=620) !important;}&#8221; z_index=&#8221;&#8221;][vc_column][qode_elements_holder number_of_columns=&#8221;two_columns&#8221;][qode_elements_holder_item item_padding=&#8221;0 18px 74px 0&#8243; vertical_alignment=&#8221;middle&#8221; advanced_animations=&#8221;no&#8221;][vc_column_text]<\/p>\n<h3 style=\"text-align: right;\">Le Prestige Funi<\/h3>\n<p style=\"text-align: right;\">Kad\u0131n Parf\u00fcm<br \/>\nE.D.P 50ml<\/p>\n<p style=\"text-align: right;\">Funi Parf\u00fcm, (Le Prestige) l\u00fcks Frans\u0131z koleksiyon kokular\u0131ndan biridir ve kad\u0131nlar i\u00e7in kullan\u0131lmak \u00fczere tasarlanm\u0131\u015ft\u0131r ve 50 ml&#8217;lik \u015f\u0131k \u015fi\u015fe ile birlikte t\u00fcm durumlar ve etkinlikler i\u00e7in uygundur.<br \/>\nT\u00fcm (Le Prestige) parf\u00fcm koleksiyonu gibi, parf\u00fcm tasar\u0131mc\u0131s\u0131 bu parf\u00fcm\u00fcn zarafetini ve ihti\u015fam\u0131n\u0131 yans\u0131tan \u00e7ekici g\u00f6r\u00fcn\u00fcml\u00fc ve zarif bir tasar\u0131ma sahip bir \u015fi\u015fede sunmak i\u00e7in \u00e7ok istekliydi.<\/p>\n<p>[\/vc_column_text][\/qode_elements_holder_item][qode_elements_holder_item vertical_alignment=&#8221;middle&#8221; advanced_animations=&#8221;no&#8221;][vc_single_image image=&#8221;700&#8243; img_size=&#8221;full&#8221; style=&#8221;vc_box_shadow_border&#8221; qode_css_animation=&#8221;&#8221;][\/qode_elements_holder_item][\/qode_elements_holder][\/vc_column][\/vc_row][vc_row css_animation=&#8221;element_from_left&#8221; row_type=&#8221;row&#8221; use_row_as_full_screen_section=&#8221;no&#8221; type=&#8221;grid&#8221; angled_section=&#8221;no&#8221; text_align=&#8221;left&#8221; background_image_as_pattern=&#8221;without_pattern&#8221; css=&#8221;.vc_custom_1633343166847{padding-top: 157px !important;padding-bottom: 50px !important;background-image: url(https:\/\/leprestigeperfume.com\/wp-content\/uploads\/2018\/03\/background-about.jpg?id=353) !important;}&#8221; z_index=&#8221;&#8221;][vc_column][qode_elements_holder number_of_columns=&#8221;two_columns&#8221;][qode_elements_holder_item vertical_alignment=&#8221;middle&#8221; advanced_animations=&#8221;no&#8221;][vc_single_image image=&#8221;702&#8243; img_size=&#8221;full&#8221; style=&#8221;vc_box_shadow_border&#8221; qode_css_animation=&#8221;&#8221;][\/qode_elements_holder_item][qode_elements_holder_item item_padding=&#8221;0px 18px 74px 18px&#8221; vertical_alignment=&#8221;middle&#8221; advanced_animations=&#8221;no&#8221;][vc_column_text]<\/p>\n<h3 style=\"text-align: left;\">Le Prestige Funi Passione<\/h3>\n<p style=\"text-align: left;\">Kad\u0131n Parf\u00fcm<br \/>\nE.D.P 50ml<\/p>\n<p style=\"text-align: left;\">Funi Passione, (Le Prestige) l\u00fcks Frans\u0131z koleksiyon kokular\u0131ndan biridir ve kad\u0131nlar i\u00e7in kullan\u0131lmak \u00fczere tasarlanm\u0131\u015ft\u0131r ve 50 ml&#8217;lik \u015f\u0131k \u015fi\u015fe ile birlikte t\u00fcm durumlar ve etkinlikler i\u00e7in uygundur.<br \/>\nT\u00fcm (Le Prestige) parf\u00fcm koleksiyonu gibi, parf\u00fcm tasar\u0131mc\u0131s\u0131 bu parf\u00fcm\u00fcn zarafetini ve ihti\u015fam\u0131n\u0131 yans\u0131tan \u00e7ekici g\u00f6r\u00fcn\u00fcml\u00fc ve zarif bir tasar\u0131ma sahip bir \u015fi\u015fede sunmak i\u00e7in \u00e7ok istekliydi.<br \/>\nKad\u0131nlar i\u00e7in \u00c7i\u00e7eksi Meyveli bir kokudur.<br \/>\n\u00dcst notalarda Armut, Siyah Frenk \u00dcz\u00fcm\u00fc, Pembe Biber ve Greyfurt<br \/>\nOrta notalarda Ananas, G\u00fcl, Yasemin ve Heliotrope<br \/>\nTemel notalarda Vanilya, Sedir, Pa\u00e7uli ve Amber A\u011fac\u0131 bulunur.<\/p>\n<p>[\/vc_column_text][\/qode_elements_holder_item][\/qode_elements_holder][\/vc_column][\/vc_row][vc_row css_animation=&#8221;&#8221; row_type=&#8221;row&#8221; use_row_as_full_screen_section=&#8221;no&#8221; type=&#8221;full_width&#8221; angled_section=&#8221;no&#8221; text_align=&#8221;left&#8221; background_image_as_pattern=&#8221;without_pattern&#8221;][vc_column][vc_column_text]<\/p>\n<p>[\/vc_column_text][\/vc_column][\/vc_row]<\/p>","protected":false},"excerpt":{"rendered":"<p>[vc_row css_animation=&#8221;&#8221; row_type=&#8221;row&#8221; use_row_as_full_screen_section=&#8221;no&#8221; type=&#8221;full_width&#8221; angled_section=&#8221;no&#8221; text_align=&#8221;left&#8221; background_image_as_pattern=&#8221;without_pattern&#8221;][vc_column][\/vc_column][\/vc_row][vc_row css_animation=&#8221;element_from_right&#8221; row_type=&#8221;row&#8221; use_row_as_full_screen_section=&#8221;no&#8221; type=&#8221;grid&#8221; angled_section=&#8221;no&#8221; text_align=&#8221;left&#8221; background_image_as_pattern=&#8221;without_pattern&#8221; css=&#8221;.vc_custom_1633342996258{padding-top: 157px !important;padding-bottom: 50px !important;background-image: url(https:\/\/leprestigeperfume.com\/wp-content\/uploads\/2021\/10\/sag_back.jpg?id=620) !important;}&#8221; z_index=&#8221;&#8221;][vc_column][qode_elements_holder number_of_columns=&#8221;two_columns&#8221;][qode_elements_holder_item item_padding=&#8221;0px 18px 74px 18px&#8221; vertical_alignment=&#8221;middle&#8221; advanced_animations=&#8221;no&#8221;][vc_column_text] Le Prestige Selene Crystal Kad\u0131n Parf\u00fcm E.D.P 50ml Selene Crystal Parf\u00fcm, (Le Prestige) l\u00fcks Frans\u0131z&#8230;<\/p>\n","protected":false},"author":1,"featured_media":0,"parent":0,"menu_order":0,"comment_status":"closed","ping_status":"closed","template":"full_width.php","meta":[],"_links":{"self":[{"href":"https:\/\/leprestigeperfume.com\/tr\/wp-json\/wp\/v2\/pages\/688"}],"collection":[{"href":"https:\/\/leprestigeperfume.com\/tr\/wp-json\/wp\/v2\/pages"}],"about":[{"href":"https:\/\/leprestigeperfume.com\/tr\/wp-json\/wp\/v2\/types\/page"}],"author":[{"embeddable":true,"href":"https:\/\/leprestigeperfume.com\/tr\/wp-json\/wp\/v2\/users\/1"}],"replies":[{"embeddable":true,"href":"https:\/\/leprestigeperfume.com\/tr\/wp-json\/wp\/v2\/comments?post=688"}],"version-history":[{"count":9,"href":"https:\/\/leprestigeperfume.com\/tr\/wp-json\/wp\/v2\/pages\/688\/revisions"}],"predecessor-version":[{"id":724,"href":"https:\/\/leprestigeperfume.com\/tr\/wp-json\/wp\/v2\/pages\/688\/revisions\/724"}],"wp:attachment":[{"href":"https:\/\/leprestigeperfume.com\/tr\/wp-json\/wp\/v2\/media?parent=688"}],"curies":[{"name":"wp","href":"https:\/\/api.w.org\/{rel}","templated":true}]}}