{"id":705,"date":"2025-01-10T19:30:51","date_gmt":"2025-01-10T19:30:51","guid":{"rendered":"https:\/\/leprestigeperfume.com\/?page_id=705"},"modified":"2025-01-10T20:25:41","modified_gmt":"2025-01-10T20:25:41","slug":"erkek","status":"publish","type":"page","link":"https:\/\/leprestigeperfume.com\/tr\/erkek\/","title":{"rendered":"Erkek"},"content":{"rendered":"<p>[vc_row css_animation=&#8221;&#8221; row_type=&#8221;row&#8221; use_row_as_full_screen_section=&#8221;no&#8221; type=&#8221;full_width&#8221; angled_section=&#8221;no&#8221; text_align=&#8221;left&#8221; background_image_as_pattern=&#8221;without_pattern&#8221;][vc_column][\/vc_column][\/vc_row][vc_row css_animation=&#8221;element_from_right&#8221; row_type=&#8221;row&#8221; use_row_as_full_screen_section=&#8221;no&#8221; type=&#8221;grid&#8221; angled_section=&#8221;no&#8221; text_align=&#8221;left&#8221; background_image_as_pattern=&#8221;without_pattern&#8221; css=&#8221;.vc_custom_1633342996258{padding-top: 157px !important;padding-bottom: 50px !important;background-image: url(https:\/\/leprestigeperfume.com\/wp-content\/uploads\/2021\/10\/sag_back.jpg?id=620) !important;}&#8221; z_index=&#8221;&#8221;][vc_column][qode_elements_holder number_of_columns=&#8221;two_columns&#8221;][qode_elements_holder_item item_padding=&#8221;0px 18px 74px 18px&#8221; vertical_alignment=&#8221;middle&#8221; advanced_animations=&#8221;no&#8221;][vc_column_text]<\/p>\n<h3 style=\"text-align: right;\">Le Prestige Draco<\/h3>\n<p style=\"text-align: right;\">Erkek Parf\u00fcm<br \/>\nE.D.P 50ml<\/p>\n<p style=\"text-align: right;\">Draco Parf\u00fcm, (Le Prestige) l\u00fcks Frans\u0131z koleksiyon kokular\u0131ndan biridir ve erkekler i\u00e7in kullan\u0131lmak \u00fczere tasarlanm\u0131\u015ft\u0131r ve 50 ml&#8217;lik \u015f\u0131k \u015fi\u015fe ile birlikte t\u00fcm durumlar ve etkinlikler i\u00e7in uygundur.<br \/>\nT\u00fcm (Le Prestige) parf\u00fcm koleksiyonu gibi, parf\u00fcm tasar\u0131mc\u0131s\u0131 bu parf\u00fcm\u00fcn zarafetini ve ihti\u015fam\u0131n\u0131 yans\u0131tan \u00e7ekici g\u00f6r\u00fcn\u00fcml\u00fc ve zarif bir tasar\u0131ma sahip bir \u015fi\u015fede sunmak i\u00e7in \u00e7ok istekliydi.<\/p>\n<p>[\/vc_column_text][\/qode_elements_holder_item][qode_elements_holder_item vertical_alignment=&#8221;middle&#8221; advanced_animations=&#8221;no&#8221;][vc_single_image image=&#8221;707&#8243; img_size=&#8221;full&#8221; style=&#8221;vc_box_shadow_border&#8221; qode_css_animation=&#8221;&#8221;][\/qode_elements_holder_item][\/qode_elements_holder][\/vc_column][\/vc_row][vc_row css_animation=&#8221;element_from_left&#8221; row_type=&#8221;row&#8221; use_row_as_full_screen_section=&#8221;no&#8221; type=&#8221;grid&#8221; angled_section=&#8221;no&#8221; text_align=&#8221;left&#8221; background_image_as_pattern=&#8221;without_pattern&#8221; css=&#8221;.vc_custom_1633343064618{padding-top: 157px !important;padding-bottom: 50px !important;background-image: url(https:\/\/leprestigeperfume.com\/wp-content\/uploads\/2018\/03\/background-about.jpg?id=353) !important;}&#8221; z_index=&#8221;&#8221;][vc_column][qode_elements_holder number_of_columns=&#8221;two_columns&#8221;][qode_elements_holder_item vertical_alignment=&#8221;middle&#8221; advanced_animations=&#8221;no&#8221;][vc_single_image image=&#8221;708&#8243; img_size=&#8221;full&#8221; style=&#8221;vc_box_shadow_border&#8221; qode_css_animation=&#8221;&#8221;][\/qode_elements_holder_item][qode_elements_holder_item item_padding=&#8221;0px 18px 74px 18px&#8221; vertical_alignment=&#8221;middle&#8221; advanced_animations=&#8221;no&#8221;][vc_column_text]<\/p>\n<h3 style=\"text-align: left;\">Le Prestige Volans<\/h3>\n<p style=\"text-align: left;\">Erkek Parf\u00fcm<br \/>\nE.D.P 50ml<\/p>\n<p style=\"text-align: left;\">Volans Parf\u00fcm, (Le Prestige) l\u00fcks Frans\u0131z koleksiyon kokular\u0131ndan biridir ve erkekler i\u00e7in kullan\u0131lmak \u00fczere tasarlanm\u0131\u015ft\u0131r ve 50 ml&#8217;lik \u015f\u0131k \u015fi\u015fe ile birlikte t\u00fcm durumlar ve etkinlikler i\u00e7in uygundur.<br \/>\nT\u00fcm (Le Prestige) parf\u00fcm koleksiyonu gibi, parf\u00fcm tasar\u0131mc\u0131s\u0131 bu parf\u00fcm\u00fcn zarafetini ve ihti\u015fam\u0131n\u0131 yans\u0131tan \u00e7ekici g\u00f6r\u00fcn\u00fcml\u00fc ve zarif bir tasar\u0131ma sahip bir \u015fi\u015fede sunmak i\u00e7in \u00e7ok istekliydi.<br \/>\nErkekler i\u00e7in Aromatik Fougere kokusudur.<br \/>\n\u00dcst notalarda Nane, Ye\u015fil Elma ve Limon<br \/>\nOrta notalarda Tonka Fasulyesi, Ambroksan ve Sardunya<br \/>\nTemel notalarda Madagaskar Vanilyas\u0131, Virginia Sediri, Atlas Sediri, Vetiver ve Me\u015fe Yosunu bulunur.<\/p>\n<p>[\/vc_column_text][\/qode_elements_holder_item][\/qode_elements_holder][\/vc_column][\/vc_row][vc_row css_animation=&#8221;element_from_right&#8221; row_type=&#8221;row&#8221; use_row_as_full_screen_section=&#8221;no&#8221; type=&#8221;grid&#8221; angled_section=&#8221;no&#8221; text_align=&#8221;left&#8221; background_image_as_pattern=&#8221;without_pattern&#8221; css=&#8221;.vc_custom_1633343086635{padding-top: 157px !important;padding-bottom: 50px !important;background-image: url(https:\/\/leprestigeperfume.com\/wp-content\/uploads\/2021\/10\/sag_back.jpg?id=620) !important;}&#8221; z_index=&#8221;&#8221;][vc_column][qode_elements_holder number_of_columns=&#8221;two_columns&#8221;][qode_elements_holder_item item_padding=&#8221;0 18px 74px 0&#8243; vertical_alignment=&#8221;middle&#8221; advanced_animations=&#8221;no&#8221;][vc_column_text]<\/p>\n<h3 style=\"text-align: right;\">Le Prestige Pegasus<\/h3>\n<p style=\"text-align: right;\">Erkek Parf\u00fcm<br \/>\nE.D.P 50ml<\/p>\n<p style=\"text-align: right;\">Pegasus Parf\u00fcm, (Le Prestige) l\u00fcks Frans\u0131z koleksiyon kokular\u0131ndan biridir ve erkekler i\u00e7in kullan\u0131lmak \u00fczere tasarlanm\u0131\u015ft\u0131r ve 50 ml&#8217;lik \u015f\u0131k \u015fi\u015fe ile birlikte t\u00fcm durumlar ve etkinlikler i\u00e7in uygundur.<br \/>\nT\u00fcm (Le Prestige) parf\u00fcm koleksiyonu gibi, parf\u00fcm tasar\u0131mc\u0131s\u0131 bu parf\u00fcm\u00fcn zarafetini ve ihti\u015fam\u0131n\u0131 yans\u0131tan \u00e7ekici g\u00f6r\u00fcn\u00fcml\u00fc ve zarif bir tasar\u0131ma sahip bir \u015fi\u015fede sunmak i\u00e7in \u00e7ok istekliydi.Erkekler i\u00e7in Woody Aquatic bir kokudur.<br \/>\n\u00dcst notalarda Deniz Notalar\u0131, Greyfurt ve Mandalina<br \/>\nOrta notalarda Defne Yapra\u011f\u0131 ve Yasemin<br \/>\nAlt notalarda Ambergris, Guaiac A\u011fac\u0131, Me\u015fe Yosunu ve Pa\u00e7uli bulunur.<\/p>\n<p>[\/vc_column_text][\/qode_elements_holder_item][qode_elements_holder_item vertical_alignment=&#8221;middle&#8221; advanced_animations=&#8221;no&#8221;][vc_single_image image=&#8221;709&#8243; img_size=&#8221;full&#8221; style=&#8221;vc_box_shadow_border&#8221; qode_css_animation=&#8221;&#8221;][\/qode_elements_holder_item][\/qode_elements_holder][\/vc_column][\/vc_row][vc_row css_animation=&#8221;element_from_left&#8221; row_type=&#8221;row&#8221; use_row_as_full_screen_section=&#8221;no&#8221; type=&#8221;grid&#8221; angled_section=&#8221;no&#8221; text_align=&#8221;left&#8221; background_image_as_pattern=&#8221;without_pattern&#8221; css=&#8221;.vc_custom_1633343100078{padding-top: 157px !important;padding-bottom: 50px !important;background-image: url(https:\/\/leprestigeperfume.com\/wp-content\/uploads\/2018\/03\/background-about.jpg?id=353) !important;}&#8221; z_index=&#8221;&#8221;][vc_column][qode_elements_holder number_of_columns=&#8221;two_columns&#8221;][qode_elements_holder_item vertical_alignment=&#8221;middle&#8221; advanced_animations=&#8221;no&#8221;][vc_single_image image=&#8221;710&#8243; img_size=&#8221;full&#8221; style=&#8221;vc_box_shadow_border&#8221; qode_css_animation=&#8221;&#8221;][\/qode_elements_holder_item][qode_elements_holder_item item_padding=&#8221;0px 18px 74px 18px&#8221; vertical_alignment=&#8221;middle&#8221; advanced_animations=&#8221;no&#8221;][vc_column_text]<\/p>\n<h3 style=\"text-align: left;\">Le Prestige Altair<\/h3>\n<p style=\"text-align: left;\">Erkek Parf\u00fcm<br \/>\nE.D.P 50ml<\/p>\n<p style=\"text-align: left;\">Altair Parf\u00fcm, (Le Prestige) l\u00fcks Frans\u0131z koleksiyon kokular\u0131ndan biridir ve erkekler i\u00e7in kullan\u0131lmak \u00fczere tasarlanm\u0131\u015ft\u0131r ve 50 ml&#8217;lik \u015f\u0131k \u015fi\u015fe ile birlikte t\u00fcm durumlar ve etkinlikler i\u00e7in uygundur.<br \/>\nT\u00fcm (Le Prestige) parf\u00fcm koleksiyonu gibi, parf\u00fcm tasar\u0131mc\u0131s\u0131 bu parf\u00fcm\u00fcn zarafetini ve ihti\u015fam\u0131n\u0131 yans\u0131tan \u00e7ekici g\u00f6r\u00fcn\u00fcml\u00fc ve zarif bir tasar\u0131ma sahip bir \u015fi\u015fede sunmak i\u00e7in \u00e7ok istekliydi.<br \/>\nErkekler i\u00e7in bir Chypre Fruity kokusudur.<br \/>\n\u00dcst notalarda Bergamot, Siyah Frenk \u00dcz\u00fcm\u00fc, Elma, Limon ve Pembe Biber<br \/>\nOrta notalarda Ananas , Pa\u00e7uli ve Fas Yasemini<br \/>\nAlt notalarda Hu\u015f A\u011fac\u0131, Misk, me\u015fe yosunu, Ambroksan ve Sedir A\u011fac\u0131 bulunur.<\/p>\n<p>[\/vc_column_text][\/qode_elements_holder_item][\/qode_elements_holder][\/vc_column][\/vc_row][vc_row css_animation=&#8221;element_from_right&#8221; row_type=&#8221;row&#8221; use_row_as_full_screen_section=&#8221;no&#8221; type=&#8221;grid&#8221; angled_section=&#8221;no&#8221; text_align=&#8221;left&#8221; background_image_as_pattern=&#8221;without_pattern&#8221; css=&#8221;.vc_custom_1633343110958{padding-top: 157px !important;padding-bottom: 50px !important;background-image: url(https:\/\/leprestigeperfume.com\/wp-content\/uploads\/2021\/10\/sag_back.jpg?id=620) !important;}&#8221; z_index=&#8221;&#8221;][vc_column][qode_elements_holder number_of_columns=&#8221;two_columns&#8221;][qode_elements_holder_item item_padding=&#8221;0 18px 74px 0&#8243; vertical_alignment=&#8221;middle&#8221; advanced_animations=&#8221;no&#8221;][vc_column_text]<\/p>\n<h3 style=\"text-align: right;\">Le Prestige Code Titan<\/h3>\n<p style=\"text-align: right;\">Erkek Parf\u00fcm<br \/>\nE.D.P 50ml<\/p>\n<p style=\"text-align: right;\">Code Titan Parf\u00fcm, (Le Prestige) l\u00fcks Frans\u0131z koleksiyon kokular\u0131ndan biridir ve erkekler i\u00e7in kullan\u0131lmak \u00fczere tasarlanm\u0131\u015ft\u0131r ve 50 ml&#8217;lik \u015f\u0131k \u015fi\u015fe ile birlikte t\u00fcm durumlar ve etkinlikler i\u00e7in uygundur.<br \/>\nT\u00fcm (Le Prestige) parf\u00fcm koleksiyonu gibi, parf\u00fcm tasar\u0131mc\u0131s\u0131 bu parf\u00fcm\u00fcn zarafetini ve ihti\u015fam\u0131n\u0131 yans\u0131tan \u00e7ekici g\u00f6r\u00fcn\u00fcml\u00fc ve zarif bir tasar\u0131ma sahip bir \u015fi\u015fede sunmak i\u00e7in \u00e7ok istekliydi.<br \/>\nErkekler i\u00e7in odunsu aromatik bir koku.<br \/>\n\u00dcst notalarda Bergamot ve Bergamot Yapra\u011f\u0131<br \/>\nOrta notalarda \u0130ris, Aldehitler, Orris ve Clary Sage<br \/>\nTemel notalar Tonka Fasulyesi ve Sedir&#8217;dir.<\/p>\n<p>[\/vc_column_text][\/qode_elements_holder_item][qode_elements_holder_item vertical_alignment=&#8221;middle&#8221; advanced_animations=&#8221;no&#8221;][vc_single_image image=&#8221;711&#8243; img_size=&#8221;full&#8221; style=&#8221;vc_box_shadow_border&#8221; qode_css_animation=&#8221;&#8221;][\/qode_elements_holder_item][\/qode_elements_holder][\/vc_column][\/vc_row][vc_row css_animation=&#8221;element_from_left&#8221; row_type=&#8221;row&#8221; use_row_as_full_screen_section=&#8221;no&#8221; type=&#8221;grid&#8221; angled_section=&#8221;no&#8221; text_align=&#8221;left&#8221; background_image_as_pattern=&#8221;without_pattern&#8221; css=&#8221;.vc_custom_1633343121311{padding-top: 157px !important;padding-bottom: 50px !important;background-image: url(https:\/\/leprestigeperfume.com\/wp-content\/uploads\/2018\/03\/background-about.jpg?id=353) !important;}&#8221; z_index=&#8221;&#8221;][vc_column][qode_elements_holder number_of_columns=&#8221;two_columns&#8221;][qode_elements_holder_item vertical_alignment=&#8221;middle&#8221; advanced_animations=&#8221;no&#8221;][vc_single_image image=&#8221;712&#8243; img_size=&#8221;full&#8221; style=&#8221;vc_box_shadow_border&#8221; qode_css_animation=&#8221;&#8221;][\/qode_elements_holder_item][qode_elements_holder_item item_padding=&#8221;0px 18px 74px 18px&#8221; vertical_alignment=&#8221;middle&#8221; advanced_animations=&#8221;no&#8221;][vc_column_text]<\/p>\n<h3 style=\"text-align: left;\">Le Prestige Layton Bleu<\/h3>\n<p style=\"text-align: left;\">Erkek Parf\u00fcm<br \/>\nE.D.P 50ml<\/p>\n<p style=\"text-align: left;\">Layton Bleu Parf\u00fcm, (Le Prestige) l\u00fcks Frans\u0131z koleksiyon kokular\u0131ndan biridir ve erkekler i\u00e7in kullan\u0131lmak \u00fczere tasarlanm\u0131\u015ft\u0131r ve 50 ml&#8217;lik \u015f\u0131k \u015fi\u015fe ile birlikte t\u00fcm durumlar ve etkinlikler i\u00e7in uygundur.<br \/>\nT\u00fcm (Le Prestige) parf\u00fcm koleksiyonu gibi, parf\u00fcm tasar\u0131mc\u0131s\u0131 bu parf\u00fcm\u00fcn zarafetini ve ihti\u015fam\u0131n\u0131 yans\u0131tan \u00e7ekici g\u00f6r\u00fcn\u00fcml\u00fc ve zarif bir tasar\u0131ma sahip bir \u015fi\u015fede sunmak i\u00e7in \u00e7ok istekliydi.<br \/>\nErkekler i\u00e7in odunsu aromatik bir kokudur.<br \/>\n\u00dcst notalarda Greyfurt, Limon, Nane, Pembe Biber, Bergamot, Aldehitler ve Ki\u015fni\u015f<br \/>\nOrta notalarda Zencefil, Hindistan Cevizi, Yasemin ve Kavun<br \/>\nTemel notalarda T\u00fcts\u00fc, Kehribar, Sedir, Sandal A\u011fac\u0131, Pa\u00e7uli, Kehribar A\u011fac\u0131 ve Laden bulunur.<\/p>\n<p>[\/vc_column_text][\/qode_elements_holder_item][\/qode_elements_holder][\/vc_column][\/vc_row][vc_row css_animation=&#8221;element_from_right&#8221; row_type=&#8221;row&#8221; use_row_as_full_screen_section=&#8221;no&#8221; type=&#8221;grid&#8221; angled_section=&#8221;no&#8221; text_align=&#8221;left&#8221; background_image_as_pattern=&#8221;without_pattern&#8221; css=&#8221;.vc_custom_1633343132019{padding-top: 157px !important;padding-bottom: 50px !important;background-image: url(https:\/\/leprestigeperfume.com\/wp-content\/uploads\/2021\/10\/sag_back.jpg?id=620) !important;}&#8221; z_index=&#8221;&#8221;][vc_column][qode_elements_holder number_of_columns=&#8221;two_columns&#8221;][qode_elements_holder_item item_padding=&#8221;0 18px 74px 0&#8243; vertical_alignment=&#8221;middle&#8221; advanced_animations=&#8221;no&#8221;][vc_column_text]<\/p>\n<h3 style=\"text-align: right;\">Le Prestige Alde King<\/h3>\n<p style=\"text-align: right;\">Erkek Parf\u00fcm<br \/>\nE.D.P 50ml<\/p>\n<p style=\"text-align: right;\">Alde King Parf\u00fcm, (Le Prestige) l\u00fcks Frans\u0131z koleksiyon kokular\u0131ndan biridir ve erkekler i\u00e7in kullan\u0131lmak \u00fczere tasarlanm\u0131\u015ft\u0131r ve 50 ml&#8217;lik \u015f\u0131k \u015fi\u015fe ile birlikte t\u00fcm durumlar ve etkinlikler i\u00e7in uygundur.<br \/>\nT\u00fcm (Le Prestige) parf\u00fcm koleksiyonu gibi, parf\u00fcm tasar\u0131mc\u0131s\u0131 bu parf\u00fcm\u00fcn zarafetini ve ihti\u015fam\u0131n\u0131 yans\u0131tan \u00e7ekici g\u00f6r\u00fcn\u00fcml\u00fc ve zarif bir tasar\u0131ma sahip bir \u015fi\u015fede sunmak i\u00e7in \u00e7ok istekliydi.<br \/>\nErkekler i\u00e7in odunsu baharatl\u0131 bir kokudur.<br \/>\n\u00dcst notalar Portakal ve Greyfurt<br \/>\nOrta notalar Biber, Sardunya ve \u00c7akmakta\u015f\u0131<br \/>\nTemel notalar Vetiver, Sedir, Pa\u00e7uli ve Benzoin&#8217;dir<\/p>\n<p>[\/vc_column_text][\/qode_elements_holder_item][qode_elements_holder_item vertical_alignment=&#8221;middle&#8221; advanced_animations=&#8221;no&#8221;][vc_single_image image=&#8221;713&#8243; img_size=&#8221;full&#8221; style=&#8221;vc_box_shadow_border&#8221; qode_css_animation=&#8221;&#8221;][\/qode_elements_holder_item][\/qode_elements_holder][\/vc_column][\/vc_row][vc_row css_animation=&#8221;element_from_left&#8221; row_type=&#8221;row&#8221; use_row_as_full_screen_section=&#8221;no&#8221; type=&#8221;grid&#8221; angled_section=&#8221;no&#8221; text_align=&#8221;left&#8221; background_image_as_pattern=&#8221;without_pattern&#8221; css=&#8221;.vc_custom_1633343166847{padding-top: 157px !important;padding-bottom: 50px !important;background-image: url(https:\/\/leprestigeperfume.com\/wp-content\/uploads\/2018\/03\/background-about.jpg?id=353) !important;}&#8221; z_index=&#8221;&#8221;][vc_column][qode_elements_holder number_of_columns=&#8221;two_columns&#8221;][qode_elements_holder_item vertical_alignment=&#8221;middle&#8221; advanced_animations=&#8221;no&#8221;][vc_single_image image=&#8221;714&#8243; img_size=&#8221;full&#8221; style=&#8221;vc_box_shadow_border&#8221; qode_css_animation=&#8221;&#8221;][\/qode_elements_holder_item][qode_elements_holder_item item_padding=&#8221;0px 18px 74px 18px&#8221; vertical_alignment=&#8221;middle&#8221; advanced_animations=&#8221;no&#8221;][vc_column_text]<\/p>\n<h3 style=\"text-align: left;\">Le Prestige Cetus Noir<\/h3>\n<p style=\"text-align: left;\">Erkek Parf\u00fcm<br \/>\nE.D.P 50ml<\/p>\n<p style=\"text-align: left;\">Cetus Noir, (Le Prestige) l\u00fcks Frans\u0131z koleksiyon kokular\u0131ndan biridir ve erkekler i\u00e7in kullan\u0131lmak \u00fczere tasarlanm\u0131\u015ft\u0131r ve 50 ml&#8217;lik \u015f\u0131k \u015fi\u015fe ile birlikte t\u00fcm durumlar ve etkinlikler i\u00e7in uygundur.<br \/>\nT\u00fcm (Le Prestige) parf\u00fcm koleksiyonu gibi, parf\u00fcm tasar\u0131mc\u0131s\u0131 bu parf\u00fcm\u00fcn zarafetini ve ihti\u015fam\u0131n\u0131 yans\u0131tan \u00e7ekici g\u00f6r\u00fcn\u00fcml\u00fc ve zarif bir tasar\u0131ma sahip bir \u015fi\u015fede sunmak i\u00e7in \u00e7ok istekliydi.<\/p>\n<p>[\/vc_column_text][\/qode_elements_holder_item][\/qode_elements_holder][\/vc_column][\/vc_row][vc_row css_animation=&#8221;&#8221; row_type=&#8221;row&#8221; use_row_as_full_screen_section=&#8221;no&#8221; type=&#8221;full_width&#8221; angled_section=&#8221;no&#8221; text_align=&#8221;left&#8221; background_image_as_pattern=&#8221;without_pattern&#8221;][vc_column][vc_column_text]<\/p>\n<p>[\/vc_column_text][\/vc_column][\/vc_row]<\/p>","protected":false},"excerpt":{"rendered":"<p>[vc_row css_animation=&#8221;&#8221; row_type=&#8221;row&#8221; use_row_as_full_screen_section=&#8221;no&#8221; type=&#8221;full_width&#8221; angled_section=&#8221;no&#8221; text_align=&#8221;left&#8221; background_image_as_pattern=&#8221;without_pattern&#8221;][vc_column][\/vc_column][\/vc_row][vc_row css_animation=&#8221;element_from_right&#8221; row_type=&#8221;row&#8221; use_row_as_full_screen_section=&#8221;no&#8221; type=&#8221;grid&#8221; angled_section=&#8221;no&#8221; text_align=&#8221;left&#8221; background_image_as_pattern=&#8221;without_pattern&#8221; css=&#8221;.vc_custom_1633342996258{padding-top: 157px !important;padding-bottom: 50px !important;background-image: url(https:\/\/leprestigeperfume.com\/wp-content\/uploads\/2021\/10\/sag_back.jpg?id=620) !important;}&#8221; z_index=&#8221;&#8221;][vc_column][qode_elements_holder number_of_columns=&#8221;two_columns&#8221;][qode_elements_holder_item item_padding=&#8221;0px 18px 74px 18px&#8221; vertical_alignment=&#8221;middle&#8221; advanced_animations=&#8221;no&#8221;][vc_column_text] Le Prestige Draco Erkek Parf\u00fcm E.D.P 50ml Draco Parf\u00fcm, (Le Prestige) l\u00fcks Frans\u0131z koleksiyon kokular\u0131ndan&#8230;<\/p>\n","protected":false},"author":1,"featured_media":0,"parent":0,"menu_order":0,"comment_status":"closed","ping_status":"closed","template":"full_width.php","meta":[],"_links":{"self":[{"href":"https:\/\/leprestigeperfume.com\/tr\/wp-json\/wp\/v2\/pages\/705"}],"collection":[{"href":"https:\/\/leprestigeperfume.com\/tr\/wp-json\/wp\/v2\/pages"}],"about":[{"href":"https:\/\/leprestigeperfume.com\/tr\/wp-json\/wp\/v2\/types\/page"}],"author":[{"embeddable":true,"href":"https:\/\/leprestigeperfume.com\/tr\/wp-json\/wp\/v2\/users\/1"}],"replies":[{"embeddable":true,"href":"https:\/\/leprestigeperfume.com\/tr\/wp-json\/wp\/v2\/comments?post=705"}],"version-history":[{"count":4,"href":"https:\/\/leprestigeperfume.com\/tr\/wp-json\/wp\/v2\/pages\/705\/revisions"}],"predecessor-version":[{"id":725,"href":"https:\/\/leprestigeperfume.com\/tr\/wp-json\/wp\/v2\/pages\/705\/revisions\/725"}],"wp:attachment":[{"href":"https:\/\/leprestigeperfume.com\/tr\/wp-json\/wp\/v2\/media?parent=705"}],"curies":[{"name":"wp","href":"https:\/\/api.w.org\/{rel}","templated":true}]}}